{"id":99,"date":"2019-04-26T23:39:09","date_gmt":"2019-04-26T21:39:09","guid":{"rendered":"http:\/\/wp11002485.server-he.de\/wp2019\/?page_id=99"},"modified":"2025-12-30T23:33:17","modified_gmt":"2025-12-30T22:33:17","slug":"massanzug","status":"publish","type":"page","link":"https:\/\/www.herrenschneider-hamburg.de\/index.php\/massanzug\/","title":{"rendered":"Preise"},"content":{"rendered":"\n<p>Die Preise der Ma\u00dfanfertigungen variieren je nach Stoff- und Gestaltungswunsch.<\/p>\n\n\n\n<p>Zweiteiler Ma\u00dfanzug ab 4500&nbsp;\u20ac<\/p>\n\n\n\n<p>Dreiteiliger Ma\u00dfanzug ab 5700&nbsp;\u20ac<\/p>\n\n\n\n<p>Sakko ab 3500&nbsp;\u20ac<\/p>\n\n\n\n<p>Hose ab 1000&nbsp;\u20ac<\/p>\n\n\n\n<p>Weste ab 1200&nbsp;\u20ac<\/p>\n\n\n\n<p>Mantel ab 4000&nbsp;\u20ac<\/p>\n\n\n\n<p>Frack\/Cutaway inkl. Hose &amp; Weste ab 5800&nbsp;\u20ac<\/p>\n\n\n\n<p>Smoking inkl. Hose &amp; Kummerbund ab 5100\u00a0\u20ac<\/p>\n\n\n\n<p>Hemd ab 199&nbsp;\u20ac<\/p>\n","protected":false},"excerpt":{"rendered":"<p>Die Preise der Ma\u00dfanfertigungen variieren je nach Stoff- und Gestaltungswunsch. Zweiteiler Ma\u00dfanzug ab 4500&nbsp;\u20ac Dreiteiliger Ma\u00dfanzug ab 5700&nbsp;\u20ac Sakko ab 3500&nbsp;\u20ac Hose ab 1000&nbsp;\u20ac Weste ab 1200&nbsp;\u20ac Mantel ab 4000&nbsp;\u20ac Frack\/Cutaway inkl. Hose &amp; Weste ab 5800&nbsp;\u20ac Smoking inkl. Hose &amp; Kummerbund ab 5100\u00a0\u20ac Hemd ab 199&nbsp;\u20ac<\/p>\n","protected":false},"author":1,"featured_media":643,"parent":0,"menu_order":0,"comment_status":"closed","ping_status":"closed","template":"","meta":{"footnotes":""},"class_list":["post-99","page","type-page","status-publish","has-post-thumbnail","hentry"],"yoast_head":"<!-- This site is optimized with the Yoast SEO plugin v26.8 - https:\/\/yoast.com\/product\/yoast-seo-wordpress\/ -->\n<title>Was kostet ein Ma\u00dfanzug von Sandro D\u00fchnforth aus Hamburg?<\/title>\n<meta name=\"description\" content=\"\u2702 Was kostet ein ma\u00dfgeschneiderter Anzug in Hamburg? Individuelle Preise mit Top-Stoffen wie Loro Piana \u2013 hier erhalten Sie klare Auskunft. \u2702\" \/>\n<meta name=\"robots\" content=\"index, follow, max-snippet:-1, max-image-preview:large, max-video-preview:-1\" \/>\n<link rel=\"canonical\" href=\"https:\/\/www.herrenschneider-hamburg.de\/index.php\/massanzug\/\" \/>\n<meta property=\"og:locale\" content=\"de_DE\" \/>\n<meta property=\"og:type\" content=\"article\" \/>\n<meta property=\"og:title\" content=\"Was kostet ein Ma\u00dfanzug von Sandro D\u00fchnforth aus Hamburg?\" \/>\n<meta property=\"og:description\" content=\"\u2702\u2702\u2702 Die Preise der Ma\u00dfanfertigungen variieren je nach Stoff- und Gestaltungswunsch. N\u00e4here Details \u00fcber die Kosten finden Sie hier... \u2702\u2702\u2702\" \/>\n<meta property=\"og:url\" content=\"https:\/\/www.herrenschneider-hamburg.de\/index.php\/massanzug\/\" \/>\n<meta property=\"og:site_name\" content=\"D\u00fchnforth - Herrenschneider Hamburg\" \/>\n<meta property=\"article:publisher\" content=\"https:\/\/www.facebook.com\/herrenschneider\/\" \/>\n<meta property=\"article:modified_time\" content=\"2025-12-30T22:33:17+00:00\" \/>\n<meta property=\"og:image\" content=\"https:\/\/www.herrenschneider-hamburg.de\/wp-content\/uploads\/2021\/05\/preise-bespoke_hamburg_tailor-og.jpg\" \/>\n\t<meta property=\"og:image:width\" content=\"1200\" \/>\n\t<meta property=\"og:image:height\" content=\"630\" \/>\n\t<meta property=\"og:image:type\" content=\"image\/jpeg\" \/>\n<meta name=\"twitter:card\" content=\"summary_large_image\" \/>\n<meta name=\"twitter:label1\" content=\"Gesch\u00e4tzte Lesezeit\" \/>\n\t<meta name=\"twitter:data1\" content=\"1\u00a0Minute\" \/>\n<script type=\"application\/ld+json\" class=\"yoast-schema-graph\">{\"@context\":\"https:\/\/schema.org\",\"@graph\":[{\"@type\":\"WebPage\",\"@id\":\"https:\/\/www.herrenschneider-hamburg.de\/index.php\/massanzug\/\",\"url\":\"https:\/\/www.herrenschneider-hamburg.de\/index.php\/massanzug\/\",\"name\":\"Was kostet ein Ma\u00dfanzug von Sandro D\u00fchnforth aus Hamburg?\",\"isPartOf\":{\"@id\":\"https:\/\/www.herrenschneider-hamburg.de\/#website\"},\"primaryImageOfPage\":{\"@id\":\"https:\/\/www.herrenschneider-hamburg.de\/index.php\/massanzug\/#primaryimage\"},\"image\":{\"@id\":\"https:\/\/www.herrenschneider-hamburg.de\/index.php\/massanzug\/#primaryimage\"},\"thumbnailUrl\":\"https:\/\/www.herrenschneider-hamburg.de\/wp-content\/uploads\/2024\/03\/Portrait-und-Anprobefotos__DSC7107_final-scaled.jpg\",\"datePublished\":\"2019-04-26T21:39:09+00:00\",\"dateModified\":\"2025-12-30T22:33:17+00:00\",\"description\":\"\u2702 Was kostet ein ma\u00dfgeschneiderter Anzug in Hamburg? Individuelle Preise mit Top-Stoffen wie Loro Piana \u2013 hier erhalten Sie klare Auskunft. \u2702\",\"breadcrumb\":{\"@id\":\"https:\/\/www.herrenschneider-hamburg.de\/index.php\/massanzug\/#breadcrumb\"},\"inLanguage\":\"de\",\"potentialAction\":[{\"@type\":\"ReadAction\",\"target\":[\"https:\/\/www.herrenschneider-hamburg.de\/index.php\/massanzug\/\"]}]},{\"@type\":\"ImageObject\",\"inLanguage\":\"de\",\"@id\":\"https:\/\/www.herrenschneider-hamburg.de\/index.php\/massanzug\/#primaryimage\",\"url\":\"https:\/\/www.herrenschneider-hamburg.de\/wp-content\/uploads\/2024\/03\/Portrait-und-Anprobefotos__DSC7107_final-scaled.jpg\",\"contentUrl\":\"https:\/\/www.herrenschneider-hamburg.de\/wp-content\/uploads\/2024\/03\/Portrait-und-Anprobefotos__DSC7107_final-scaled.jpg\",\"width\":2560,\"height\":1710},{\"@type\":\"BreadcrumbList\",\"@id\":\"https:\/\/www.herrenschneider-hamburg.de\/index.php\/massanzug\/#breadcrumb\",\"itemListElement\":[{\"@type\":\"ListItem\",\"position\":1,\"name\":\"Startseite\",\"item\":\"https:\/\/www.herrenschneider-hamburg.de\/\"},{\"@type\":\"ListItem\",\"position\":2,\"name\":\"Preise\"}]},{\"@type\":\"WebSite\",\"@id\":\"https:\/\/www.herrenschneider-hamburg.de\/#website\",\"url\":\"https:\/\/www.herrenschneider-hamburg.de\/\",\"name\":\"D\u00fchnforth - Herrenschneider Hamburg\",\"description\":\"Tradition. Perfektion. Leidenschaft.\",\"potentialAction\":[{\"@type\":\"SearchAction\",\"target\":{\"@type\":\"EntryPoint\",\"urlTemplate\":\"https:\/\/www.herrenschneider-hamburg.de\/?s={search_term_string}\"},\"query-input\":{\"@type\":\"PropertyValueSpecification\",\"valueRequired\":true,\"valueName\":\"search_term_string\"}}],\"inLanguage\":\"de\"}]}<\/script>\n<!-- \/ Yoast SEO plugin. -->","yoast_head_json":{"title":"Was kostet ein Ma\u00dfanzug von Sandro D\u00fchnforth aus Hamburg?","description":"\u2702 Was kostet ein ma\u00dfgeschneiderter Anzug in Hamburg? Individuelle Preise mit Top-Stoffen wie Loro Piana \u2013 hier erhalten Sie klare Auskunft. \u2702","robots":{"index":"index","follow":"follow","max-snippet":"max-snippet:-1","max-image-preview":"max-image-preview:large","max-video-preview":"max-video-preview:-1"},"canonical":"https:\/\/www.herrenschneider-hamburg.de\/index.php\/massanzug\/","og_locale":"de_DE","og_type":"article","og_title":"Was kostet ein Ma\u00dfanzug von Sandro D\u00fchnforth aus Hamburg?","og_description":"\u2702\u2702\u2702 Die Preise der Ma\u00dfanfertigungen variieren je nach Stoff- und Gestaltungswunsch. N\u00e4here Details \u00fcber die Kosten finden Sie hier... \u2702\u2702\u2702","og_url":"https:\/\/www.herrenschneider-hamburg.de\/index.php\/massanzug\/","og_site_name":"D\u00fchnforth - Herrenschneider Hamburg","article_publisher":"https:\/\/www.facebook.com\/herrenschneider\/","article_modified_time":"2025-12-30T22:33:17+00:00","og_image":[{"width":1200,"height":630,"url":"https:\/\/www.herrenschneider-hamburg.de\/wp-content\/uploads\/2021\/05\/preise-bespoke_hamburg_tailor-og.jpg","type":"image\/jpeg"}],"twitter_card":"summary_large_image","twitter_misc":{"Gesch\u00e4tzte Lesezeit":"1\u00a0Minute"},"schema":{"@context":"https:\/\/schema.org","@graph":[{"@type":"WebPage","@id":"https:\/\/www.herrenschneider-hamburg.de\/index.php\/massanzug\/","url":"https:\/\/www.herrenschneider-hamburg.de\/index.php\/massanzug\/","name":"Was kostet ein Ma\u00dfanzug von Sandro D\u00fchnforth aus Hamburg?","isPartOf":{"@id":"https:\/\/www.herrenschneider-hamburg.de\/#website"},"primaryImageOfPage":{"@id":"https:\/\/www.herrenschneider-hamburg.de\/index.php\/massanzug\/#primaryimage"},"image":{"@id":"https:\/\/www.herrenschneider-hamburg.de\/index.php\/massanzug\/#primaryimage"},"thumbnailUrl":"https:\/\/www.herrenschneider-hamburg.de\/wp-content\/uploads\/2024\/03\/Portrait-und-Anprobefotos__DSC7107_final-scaled.jpg","datePublished":"2019-04-26T21:39:09+00:00","dateModified":"2025-12-30T22:33:17+00:00","description":"\u2702 Was kostet ein ma\u00dfgeschneiderter Anzug in Hamburg? Individuelle Preise mit Top-Stoffen wie Loro Piana \u2013 hier erhalten Sie klare Auskunft. \u2702","breadcrumb":{"@id":"https:\/\/www.herrenschneider-hamburg.de\/index.php\/massanzug\/#breadcrumb"},"inLanguage":"de","potentialAction":[{"@type":"ReadAction","target":["https:\/\/www.herrenschneider-hamburg.de\/index.php\/massanzug\/"]}]},{"@type":"ImageObject","inLanguage":"de","@id":"https:\/\/www.herrenschneider-hamburg.de\/index.php\/massanzug\/#primaryimage","url":"https:\/\/www.herrenschneider-hamburg.de\/wp-content\/uploads\/2024\/03\/Portrait-und-Anprobefotos__DSC7107_final-scaled.jpg","contentUrl":"https:\/\/www.herrenschneider-hamburg.de\/wp-content\/uploads\/2024\/03\/Portrait-und-Anprobefotos__DSC7107_final-scaled.jpg","width":2560,"height":1710},{"@type":"BreadcrumbList","@id":"https:\/\/www.herrenschneider-hamburg.de\/index.php\/massanzug\/#breadcrumb","itemListElement":[{"@type":"ListItem","position":1,"name":"Startseite","item":"https:\/\/www.herrenschneider-hamburg.de\/"},{"@type":"ListItem","position":2,"name":"Preise"}]},{"@type":"WebSite","@id":"https:\/\/www.herrenschneider-hamburg.de\/#website","url":"https:\/\/www.herrenschneider-hamburg.de\/","name":"D\u00fchnforth - Herrenschneider Hamburg","description":"Tradition. Perfektion. Leidenschaft.","potentialAction":[{"@type":"SearchAction","target":{"@type":"EntryPoint","urlTemplate":"https:\/\/www.herrenschneider-hamburg.de\/?s={search_term_string}"},"query-input":{"@type":"PropertyValueSpecification","valueRequired":true,"valueName":"search_term_string"}}],"inLanguage":"de"}]}},"_links":{"self":[{"href":"https:\/\/www.herrenschneider-hamburg.de\/index.php\/wp-json\/wp\/v2\/pages\/99","targetHints":{"allow":["GET"]}}],"collection":[{"href":"https:\/\/www.herrenschneider-hamburg.de\/index.php\/wp-json\/wp\/v2\/pages"}],"about":[{"href":"https:\/\/www.herrenschneider-hamburg.de\/index.php\/wp-json\/wp\/v2\/types\/page"}],"author":[{"embeddable":true,"href":"https:\/\/www.herrenschneider-hamburg.de\/index.php\/wp-json\/wp\/v2\/users\/1"}],"replies":[{"embeddable":true,"href":"https:\/\/www.herrenschneider-hamburg.de\/index.php\/wp-json\/wp\/v2\/comments?post=99"}],"version-history":[{"count":15,"href":"https:\/\/www.herrenschneider-hamburg.de\/index.php\/wp-json\/wp\/v2\/pages\/99\/revisions"}],"predecessor-version":[{"id":679,"href":"https:\/\/www.herrenschneider-hamburg.de\/index.php\/wp-json\/wp\/v2\/pages\/99\/revisions\/679"}],"wp:featuredmedia":[{"embeddable":true,"href":"https:\/\/www.herrenschneider-hamburg.de\/index.php\/wp-json\/wp\/v2\/media\/643"}],"wp:attachment":[{"href":"https:\/\/www.herrenschneider-hamburg.de\/index.php\/wp-json\/wp\/v2\/media?parent=99"}],"curies":[{"name":"wp","href":"https:\/\/api.w.org\/{rel}","templated":true}]}}