{"id":98,"date":"2019-04-26T23:39:09","date_gmt":"2019-04-26T21:39:09","guid":{"rendered":"http:\/\/wp11002485.server-he.de\/wp2019\/?page_id=98"},"modified":"2025-01-30T16:58:34","modified_gmt":"2025-01-30T15:58:34","slug":"schneiderhandwerk","status":"publish","type":"page","link":"https:\/\/www.herrenschneider-hamburg.de\/index.php\/schneiderhandwerk\/","title":{"rendered":"Stoffe"},"content":{"rendered":"\n<p>Unsere Auswahl aus \u00fcber 6000 Stoffen beziehen wir von traditionsreichen, europ\u00e4ischen Lieferanten:<\/p>\n\n\n\n<figure class=\"wp-block-gallery aligncenter has-nested-images columns-default is-cropped wp-block-gallery-1 is-layout-flex wp-block-gallery-is-layout-flex\">\n<figure class=\"wp-block-image size-large\"><img loading=\"lazy\" decoding=\"async\" width=\"500\" height=\"500\" data-id=\"414\" src=\"https:\/\/www.herrenschneider-hamburg.de\/wp-content\/uploads\/2019\/12\/Holland-and-Sherry-light.png\" alt=\"\" class=\"wp-image-414\" srcset=\"https:\/\/www.herrenschneider-hamburg.de\/wp-content\/uploads\/2019\/12\/Holland-and-Sherry-light.png 500w, https:\/\/www.herrenschneider-hamburg.de\/wp-content\/uploads\/2019\/12\/Holland-and-Sherry-light-150x150.png 150w, https:\/\/www.herrenschneider-hamburg.de\/wp-content\/uploads\/2019\/12\/Holland-and-Sherry-light-300x300.png 300w\" sizes=\"auto, (max-width: 500px) 100vw, 500px\" \/><\/figure>\n\n\n\n<figure class=\"wp-block-image size-large\"><img loading=\"lazy\" decoding=\"async\" width=\"500\" height=\"500\" data-id=\"415\" src=\"https:\/\/www.herrenschneider-hamburg.de\/wp-content\/uploads\/2019\/12\/scabal-light.png\" alt=\"\" class=\"wp-image-415\" srcset=\"https:\/\/www.herrenschneider-hamburg.de\/wp-content\/uploads\/2019\/12\/scabal-light.png 500w, https:\/\/www.herrenschneider-hamburg.de\/wp-content\/uploads\/2019\/12\/scabal-light-150x150.png 150w, https:\/\/www.herrenschneider-hamburg.de\/wp-content\/uploads\/2019\/12\/scabal-light-300x300.png 300w\" sizes=\"auto, (max-width: 500px) 100vw, 500px\" \/><\/figure>\n\n\n\n<figure class=\"wp-block-image size-large\"><img loading=\"lazy\" decoding=\"async\" width=\"500\" height=\"500\" data-id=\"416\" src=\"https:\/\/www.herrenschneider-hamburg.de\/wp-content\/uploads\/2019\/12\/loro-piana-light.png\" alt=\"\" class=\"wp-image-416\" srcset=\"https:\/\/www.herrenschneider-hamburg.de\/wp-content\/uploads\/2019\/12\/loro-piana-light.png 500w, https:\/\/www.herrenschneider-hamburg.de\/wp-content\/uploads\/2019\/12\/loro-piana-light-150x150.png 150w, https:\/\/www.herrenschneider-hamburg.de\/wp-content\/uploads\/2019\/12\/loro-piana-light-300x300.png 300w\" sizes=\"auto, (max-width: 500px) 100vw, 500px\" \/><\/figure>\n\n\n\n<figure class=\"wp-block-image size-large\"><img loading=\"lazy\" decoding=\"async\" width=\"500\" height=\"500\" data-id=\"417\" src=\"https:\/\/www.herrenschneider-hamburg.de\/wp-content\/uploads\/2019\/12\/ermendigilio-zegna-light.png\" alt=\"\" class=\"wp-image-417\" srcset=\"https:\/\/www.herrenschneider-hamburg.de\/wp-content\/uploads\/2019\/12\/ermendigilio-zegna-light.png 500w, https:\/\/www.herrenschneider-hamburg.de\/wp-content\/uploads\/2019\/12\/ermendigilio-zegna-light-150x150.png 150w, https:\/\/www.herrenschneider-hamburg.de\/wp-content\/uploads\/2019\/12\/ermendigilio-zegna-light-300x300.png 300w\" sizes=\"auto, (max-width: 500px) 100vw, 500px\" \/><\/figure>\n\n\n\n<figure class=\"wp-block-image size-large\"><img loading=\"lazy\" decoding=\"async\" width=\"500\" height=\"500\" data-id=\"418\" src=\"https:\/\/www.herrenschneider-hamburg.de\/wp-content\/uploads\/2019\/12\/harrisons-light.png\" alt=\"\" class=\"wp-image-418\" srcset=\"https:\/\/www.herrenschneider-hamburg.de\/wp-content\/uploads\/2019\/12\/harrisons-light.png 500w, https:\/\/www.herrenschneider-hamburg.de\/wp-content\/uploads\/2019\/12\/harrisons-light-150x150.png 150w, https:\/\/www.herrenschneider-hamburg.de\/wp-content\/uploads\/2019\/12\/harrisons-light-300x300.png 300w\" sizes=\"auto, (max-width: 500px) 100vw, 500px\" \/><\/figure>\n\n\n\n<figure class=\"wp-block-image size-large\"><img loading=\"lazy\" decoding=\"async\" width=\"500\" height=\"500\" data-id=\"419\" src=\"https:\/\/www.herrenschneider-hamburg.de\/wp-content\/uploads\/2019\/12\/huddersfield-fine-worsteds-light.png\" alt=\"\" class=\"wp-image-419\" srcset=\"https:\/\/www.herrenschneider-hamburg.de\/wp-content\/uploads\/2019\/12\/huddersfield-fine-worsteds-light.png 500w, https:\/\/www.herrenschneider-hamburg.de\/wp-content\/uploads\/2019\/12\/huddersfield-fine-worsteds-light-150x150.png 150w, https:\/\/www.herrenschneider-hamburg.de\/wp-content\/uploads\/2019\/12\/huddersfield-fine-worsteds-light-300x300.png 300w\" sizes=\"auto, (max-width: 500px) 100vw, 500px\" \/><\/figure>\n\n\n\n<figure class=\"wp-block-image size-large\"><img loading=\"lazy\" decoding=\"async\" width=\"500\" height=\"500\" data-id=\"420\" src=\"https:\/\/www.herrenschneider-hamburg.de\/wp-content\/uploads\/2019\/12\/porter-and-harding-light.png\" alt=\"\" class=\"wp-image-420\" srcset=\"https:\/\/www.herrenschneider-hamburg.de\/wp-content\/uploads\/2019\/12\/porter-and-harding-light.png 500w, https:\/\/www.herrenschneider-hamburg.de\/wp-content\/uploads\/2019\/12\/porter-and-harding-light-150x150.png 150w, https:\/\/www.herrenschneider-hamburg.de\/wp-content\/uploads\/2019\/12\/porter-and-harding-light-300x300.png 300w\" sizes=\"auto, (max-width: 500px) 100vw, 500px\" \/><\/figure>\n\n\n\n<figure class=\"wp-block-image size-large\"><img loading=\"lazy\" decoding=\"async\" width=\"500\" height=\"499\" data-id=\"421\" src=\"https:\/\/www.herrenschneider-hamburg.de\/wp-content\/uploads\/2019\/12\/w.bills-light.png\" alt=\"\" class=\"wp-image-421\" srcset=\"https:\/\/www.herrenschneider-hamburg.de\/wp-content\/uploads\/2019\/12\/w.bills-light.png 500w, https:\/\/www.herrenschneider-hamburg.de\/wp-content\/uploads\/2019\/12\/w.bills-light-150x150.png 150w, https:\/\/www.herrenschneider-hamburg.de\/wp-content\/uploads\/2019\/12\/w.bills-light-300x300.png 300w\" sizes=\"auto, (max-width: 500px) 100vw, 500px\" \/><\/figure>\n\n\n\n<figure class=\"wp-block-image size-large\"><img loading=\"lazy\" decoding=\"async\" width=\"500\" height=\"500\" data-id=\"423\" src=\"https:\/\/www.herrenschneider-hamburg.de\/wp-content\/uploads\/2019\/12\/dugdale-light.png\" alt=\"\" class=\"wp-image-423\" srcset=\"https:\/\/www.herrenschneider-hamburg.de\/wp-content\/uploads\/2019\/12\/dugdale-light.png 500w, https:\/\/www.herrenschneider-hamburg.de\/wp-content\/uploads\/2019\/12\/dugdale-light-150x150.png 150w, https:\/\/www.herrenschneider-hamburg.de\/wp-content\/uploads\/2019\/12\/dugdale-light-300x300.png 300w\" sizes=\"auto, (max-width: 500px) 100vw, 500px\" \/><\/figure>\n\n\n\n<figure class=\"wp-block-image size-large\"><img loading=\"lazy\" decoding=\"async\" width=\"500\" height=\"500\" data-id=\"431\" src=\"https:\/\/www.herrenschneider-hamburg.de\/wp-content\/uploads\/2019\/12\/dashing-tweeds-light-1.png\" alt=\"\" class=\"wp-image-431\" srcset=\"https:\/\/www.herrenschneider-hamburg.de\/wp-content\/uploads\/2019\/12\/dashing-tweeds-light-1.png 500w, https:\/\/www.herrenschneider-hamburg.de\/wp-content\/uploads\/2019\/12\/dashing-tweeds-light-1-150x150.png 150w, https:\/\/www.herrenschneider-hamburg.de\/wp-content\/uploads\/2019\/12\/dashing-tweeds-light-1-300x300.png 300w\" sizes=\"auto, (max-width: 500px) 100vw, 500px\" \/><\/figure>\n\n\n\n<figure class=\"wp-block-image size-large\"><img loading=\"lazy\" decoding=\"async\" width=\"500\" height=\"500\" data-id=\"436\" src=\"https:\/\/www.herrenschneider-hamburg.de\/wp-content\/uploads\/2019\/12\/magee1866-light.png\" alt=\"\" class=\"wp-image-436\" srcset=\"https:\/\/www.herrenschneider-hamburg.de\/wp-content\/uploads\/2019\/12\/magee1866-light.png 500w, https:\/\/www.herrenschneider-hamburg.de\/wp-content\/uploads\/2019\/12\/magee1866-light-150x150.png 150w, https:\/\/www.herrenschneider-hamburg.de\/wp-content\/uploads\/2019\/12\/magee1866-light-300x300.png 300w\" sizes=\"auto, (max-width: 500px) 100vw, 500px\" \/><\/figure>\n\n\n\n<figure class=\"wp-block-image size-large\"><img loading=\"lazy\" decoding=\"async\" width=\"500\" height=\"500\" data-id=\"437\" src=\"https:\/\/www.herrenschneider-hamburg.de\/wp-content\/uploads\/2019\/12\/fox-bros-light-2.png\" alt=\"\" class=\"wp-image-437\" srcset=\"https:\/\/www.herrenschneider-hamburg.de\/wp-content\/uploads\/2019\/12\/fox-bros-light-2.png 500w, https:\/\/www.herrenschneider-hamburg.de\/wp-content\/uploads\/2019\/12\/fox-bros-light-2-150x150.png 150w, https:\/\/www.herrenschneider-hamburg.de\/wp-content\/uploads\/2019\/12\/fox-bros-light-2-300x300.png 300w\" sizes=\"auto, (max-width: 500px) 100vw, 500px\" \/><\/figure>\n<\/figure>\n\n\n\n<p>&nbsp;<\/p>\n","protected":false},"excerpt":{"rendered":"<p>Unsere Auswahl aus \u00fcber 6000 Stoffen beziehen wir von traditionsreichen, europ\u00e4ischen Lieferanten: &nbsp;<\/p>\n","protected":false},"author":1,"featured_media":649,"parent":0,"menu_order":0,"comment_status":"closed","ping_status":"closed","template":"","meta":{"footnotes":""},"class_list":["post-98","page","type-page","status-publish","has-post-thumbnail","hentry"],"yoast_head":"<!-- This site is optimized with the Yoast SEO plugin v26.8 - https:\/\/yoast.com\/product\/yoast-seo-wordpress\/ -->\n<title>W\u00e4hlen Sie aus \u00fcber 6000 europ\u00e4ischen Anzugstoffen - D\u00fchnforth<\/title>\n<meta name=\"description\" content=\"\u2702 \u00dcber 6.000 exklusive Anzugstoffe: W\u00e4hlen Sie aus italienischer Eleganz (Zegna) oder britischer Raffinesse (Holland &amp; Sherry). \u2702\" \/>\n<meta name=\"robots\" content=\"index, follow, max-snippet:-1, max-image-preview:large, max-video-preview:-1\" \/>\n<link rel=\"canonical\" href=\"https:\/\/www.herrenschneider-hamburg.de\/index.php\/schneiderhandwerk\/\" \/>\n<meta property=\"og:locale\" content=\"de_DE\" \/>\n<meta property=\"og:type\" content=\"article\" \/>\n<meta property=\"og:title\" content=\"W\u00e4hlen Sie aus \u00fcber 6000 Stoffen aus Europa - Herrenschneider Hamburg\" \/>\n<meta property=\"og:description\" content=\"\u2702\u2702\u2702 W\u00e4hlen Sie aus \u00fcber 6000 Anzugsstoffen von traditionsreichen, europ\u00e4ischen Lieferanten wie z.B. Holland &amp; Sherry, SCABAL, uvm. \u2702\u2702\u2702\" \/>\n<meta property=\"og:url\" content=\"https:\/\/www.herrenschneider-hamburg.de\/index.php\/schneiderhandwerk\/\" \/>\n<meta property=\"og:site_name\" content=\"D\u00fchnforth - Herrenschneider Hamburg\" \/>\n<meta property=\"article:publisher\" content=\"https:\/\/www.facebook.com\/herrenschneider\/\" \/>\n<meta property=\"article:modified_time\" content=\"2025-01-30T15:58:34+00:00\" \/>\n<meta property=\"og:image\" content=\"https:\/\/www.herrenschneider-hamburg.de\/wp-content\/uploads\/2021\/05\/stoffe_zegna_loro_piana_scabal_holland_sherry_hamburg-og.jpg\" \/>\n\t<meta property=\"og:image:width\" content=\"1200\" \/>\n\t<meta property=\"og:image:height\" content=\"630\" \/>\n\t<meta property=\"og:image:type\" content=\"image\/jpeg\" \/>\n<meta name=\"twitter:card\" content=\"summary_large_image\" \/>\n<meta name=\"twitter:label1\" content=\"Gesch\u00e4tzte Lesezeit\" \/>\n\t<meta name=\"twitter:data1\" content=\"3\u00a0Minuten\" \/>\n<script type=\"application\/ld+json\" class=\"yoast-schema-graph\">{\"@context\":\"https:\/\/schema.org\",\"@graph\":[{\"@type\":\"WebPage\",\"@id\":\"https:\/\/www.herrenschneider-hamburg.de\/index.php\/schneiderhandwerk\/\",\"url\":\"https:\/\/www.herrenschneider-hamburg.de\/index.php\/schneiderhandwerk\/\",\"name\":\"W\u00e4hlen Sie aus \u00fcber 6000 europ\u00e4ischen Anzugstoffen - D\u00fchnforth\",\"isPartOf\":{\"@id\":\"https:\/\/www.herrenschneider-hamburg.de\/#website\"},\"primaryImageOfPage\":{\"@id\":\"https:\/\/www.herrenschneider-hamburg.de\/index.php\/schneiderhandwerk\/#primaryimage\"},\"image\":{\"@id\":\"https:\/\/www.herrenschneider-hamburg.de\/index.php\/schneiderhandwerk\/#primaryimage\"},\"thumbnailUrl\":\"https:\/\/www.herrenschneider-hamburg.de\/wp-content\/uploads\/2024\/03\/cropped-Portrait-und-Anprobefotos__DSC7352_final-scaled-1.jpg\",\"datePublished\":\"2019-04-26T21:39:09+00:00\",\"dateModified\":\"2025-01-30T15:58:34+00:00\",\"description\":\"\u2702 \u00dcber 6.000 exklusive Anzugstoffe: W\u00e4hlen Sie aus italienischer Eleganz (Zegna) oder britischer Raffinesse (Holland & Sherry). \u2702\",\"breadcrumb\":{\"@id\":\"https:\/\/www.herrenschneider-hamburg.de\/index.php\/schneiderhandwerk\/#breadcrumb\"},\"inLanguage\":\"de\",\"potentialAction\":[{\"@type\":\"ReadAction\",\"target\":[\"https:\/\/www.herrenschneider-hamburg.de\/index.php\/schneiderhandwerk\/\"]}]},{\"@type\":\"ImageObject\",\"inLanguage\":\"de\",\"@id\":\"https:\/\/www.herrenschneider-hamburg.de\/index.php\/schneiderhandwerk\/#primaryimage\",\"url\":\"https:\/\/www.herrenschneider-hamburg.de\/wp-content\/uploads\/2024\/03\/cropped-Portrait-und-Anprobefotos__DSC7352_final-scaled-1.jpg\",\"contentUrl\":\"https:\/\/www.herrenschneider-hamburg.de\/wp-content\/uploads\/2024\/03\/cropped-Portrait-und-Anprobefotos__DSC7352_final-scaled-1.jpg\",\"width\":1200,\"height\":800},{\"@type\":\"BreadcrumbList\",\"@id\":\"https:\/\/www.herrenschneider-hamburg.de\/index.php\/schneiderhandwerk\/#breadcrumb\",\"itemListElement\":[{\"@type\":\"ListItem\",\"position\":1,\"name\":\"Startseite\",\"item\":\"https:\/\/www.herrenschneider-hamburg.de\/\"},{\"@type\":\"ListItem\",\"position\":2,\"name\":\"Stoffe\"}]},{\"@type\":\"WebSite\",\"@id\":\"https:\/\/www.herrenschneider-hamburg.de\/#website\",\"url\":\"https:\/\/www.herrenschneider-hamburg.de\/\",\"name\":\"D\u00fchnforth - Herrenschneider Hamburg\",\"description\":\"Tradition. Perfektion. Leidenschaft.\",\"potentialAction\":[{\"@type\":\"SearchAction\",\"target\":{\"@type\":\"EntryPoint\",\"urlTemplate\":\"https:\/\/www.herrenschneider-hamburg.de\/?s={search_term_string}\"},\"query-input\":{\"@type\":\"PropertyValueSpecification\",\"valueRequired\":true,\"valueName\":\"search_term_string\"}}],\"inLanguage\":\"de\"}]}<\/script>\n<!-- \/ Yoast SEO plugin. -->","yoast_head_json":{"title":"W\u00e4hlen Sie aus \u00fcber 6000 europ\u00e4ischen Anzugstoffen - D\u00fchnforth","description":"\u2702 \u00dcber 6.000 exklusive Anzugstoffe: W\u00e4hlen Sie aus italienischer Eleganz (Zegna) oder britischer Raffinesse (Holland & Sherry). \u2702","robots":{"index":"index","follow":"follow","max-snippet":"max-snippet:-1","max-image-preview":"max-image-preview:large","max-video-preview":"max-video-preview:-1"},"canonical":"https:\/\/www.herrenschneider-hamburg.de\/index.php\/schneiderhandwerk\/","og_locale":"de_DE","og_type":"article","og_title":"W\u00e4hlen Sie aus \u00fcber 6000 Stoffen aus Europa - Herrenschneider Hamburg","og_description":"\u2702\u2702\u2702 W\u00e4hlen Sie aus \u00fcber 6000 Anzugsstoffen von traditionsreichen, europ\u00e4ischen Lieferanten wie z.B. Holland & Sherry, SCABAL, uvm. \u2702\u2702\u2702","og_url":"https:\/\/www.herrenschneider-hamburg.de\/index.php\/schneiderhandwerk\/","og_site_name":"D\u00fchnforth - Herrenschneider Hamburg","article_publisher":"https:\/\/www.facebook.com\/herrenschneider\/","article_modified_time":"2025-01-30T15:58:34+00:00","og_image":[{"width":1200,"height":630,"url":"https:\/\/www.herrenschneider-hamburg.de\/wp-content\/uploads\/2021\/05\/stoffe_zegna_loro_piana_scabal_holland_sherry_hamburg-og.jpg","type":"image\/jpeg"}],"twitter_card":"summary_large_image","twitter_misc":{"Gesch\u00e4tzte Lesezeit":"3\u00a0Minuten"},"schema":{"@context":"https:\/\/schema.org","@graph":[{"@type":"WebPage","@id":"https:\/\/www.herrenschneider-hamburg.de\/index.php\/schneiderhandwerk\/","url":"https:\/\/www.herrenschneider-hamburg.de\/index.php\/schneiderhandwerk\/","name":"W\u00e4hlen Sie aus \u00fcber 6000 europ\u00e4ischen Anzugstoffen - D\u00fchnforth","isPartOf":{"@id":"https:\/\/www.herrenschneider-hamburg.de\/#website"},"primaryImageOfPage":{"@id":"https:\/\/www.herrenschneider-hamburg.de\/index.php\/schneiderhandwerk\/#primaryimage"},"image":{"@id":"https:\/\/www.herrenschneider-hamburg.de\/index.php\/schneiderhandwerk\/#primaryimage"},"thumbnailUrl":"https:\/\/www.herrenschneider-hamburg.de\/wp-content\/uploads\/2024\/03\/cropped-Portrait-und-Anprobefotos__DSC7352_final-scaled-1.jpg","datePublished":"2019-04-26T21:39:09+00:00","dateModified":"2025-01-30T15:58:34+00:00","description":"\u2702 \u00dcber 6.000 exklusive Anzugstoffe: W\u00e4hlen Sie aus italienischer Eleganz (Zegna) oder britischer Raffinesse (Holland & Sherry). \u2702","breadcrumb":{"@id":"https:\/\/www.herrenschneider-hamburg.de\/index.php\/schneiderhandwerk\/#breadcrumb"},"inLanguage":"de","potentialAction":[{"@type":"ReadAction","target":["https:\/\/www.herrenschneider-hamburg.de\/index.php\/schneiderhandwerk\/"]}]},{"@type":"ImageObject","inLanguage":"de","@id":"https:\/\/www.herrenschneider-hamburg.de\/index.php\/schneiderhandwerk\/#primaryimage","url":"https:\/\/www.herrenschneider-hamburg.de\/wp-content\/uploads\/2024\/03\/cropped-Portrait-und-Anprobefotos__DSC7352_final-scaled-1.jpg","contentUrl":"https:\/\/www.herrenschneider-hamburg.de\/wp-content\/uploads\/2024\/03\/cropped-Portrait-und-Anprobefotos__DSC7352_final-scaled-1.jpg","width":1200,"height":800},{"@type":"BreadcrumbList","@id":"https:\/\/www.herrenschneider-hamburg.de\/index.php\/schneiderhandwerk\/#breadcrumb","itemListElement":[{"@type":"ListItem","position":1,"name":"Startseite","item":"https:\/\/www.herrenschneider-hamburg.de\/"},{"@type":"ListItem","position":2,"name":"Stoffe"}]},{"@type":"WebSite","@id":"https:\/\/www.herrenschneider-hamburg.de\/#website","url":"https:\/\/www.herrenschneider-hamburg.de\/","name":"D\u00fchnforth - Herrenschneider Hamburg","description":"Tradition. Perfektion. Leidenschaft.","potentialAction":[{"@type":"SearchAction","target":{"@type":"EntryPoint","urlTemplate":"https:\/\/www.herrenschneider-hamburg.de\/?s={search_term_string}"},"query-input":{"@type":"PropertyValueSpecification","valueRequired":true,"valueName":"search_term_string"}}],"inLanguage":"de"}]}},"_links":{"self":[{"href":"https:\/\/www.herrenschneider-hamburg.de\/index.php\/wp-json\/wp\/v2\/pages\/98","targetHints":{"allow":["GET"]}}],"collection":[{"href":"https:\/\/www.herrenschneider-hamburg.de\/index.php\/wp-json\/wp\/v2\/pages"}],"about":[{"href":"https:\/\/www.herrenschneider-hamburg.de\/index.php\/wp-json\/wp\/v2\/types\/page"}],"author":[{"embeddable":true,"href":"https:\/\/www.herrenschneider-hamburg.de\/index.php\/wp-json\/wp\/v2\/users\/1"}],"replies":[{"embeddable":true,"href":"https:\/\/www.herrenschneider-hamburg.de\/index.php\/wp-json\/wp\/v2\/comments?post=98"}],"version-history":[{"count":3,"href":"https:\/\/www.herrenschneider-hamburg.de\/index.php\/wp-json\/wp\/v2\/pages\/98\/revisions"}],"predecessor-version":[{"id":675,"href":"https:\/\/www.herrenschneider-hamburg.de\/index.php\/wp-json\/wp\/v2\/pages\/98\/revisions\/675"}],"wp:featuredmedia":[{"embeddable":true,"href":"https:\/\/www.herrenschneider-hamburg.de\/index.php\/wp-json\/wp\/v2\/media\/649"}],"wp:attachment":[{"href":"https:\/\/www.herrenschneider-hamburg.de\/index.php\/wp-json\/wp\/v2\/media?parent=98"}],"curies":[{"name":"wp","href":"https:\/\/api.w.org\/{rel}","templated":true}]}}