{"id":97,"date":"2019-04-26T23:39:09","date_gmt":"2019-04-26T21:39:09","guid":{"rendered":"http:\/\/wp11002485.server-he.de\/wp2019\/?page_id=97"},"modified":"2025-01-30T16:47:21","modified_gmt":"2025-01-30T15:47:21","slug":"herrenschneiderei","status":"publish","type":"page","link":"https:\/\/www.herrenschneider-hamburg.de\/index.php\/herrenschneiderei\/","title":{"rendered":"Angebot"},"content":{"rendered":"\n<p>In meinem Hamburger Atelier fertige ich Ihre Gesch\u00e4fts- und Gesellschaftskleidung nach Ma\u00df in traditioneller Handarbeit.<\/p>\n\n\n\n<p>Bei einem ersten Kennenlernen nehme ich mir Zeit \u2013 Zeit, um mit Ihnen in einem ausf\u00fchrlichen Beratungsgespr\u00e4ch den idealen Stoff f\u00fcr Ihre neue Ma\u00dfbekleidung auszuw\u00e4hlen und Sie eingehend hinsichtlich des Schnittes zu beraten.<\/p>\n\n\n\n<p>Mit meinem Team von ausgebildeten Ma\u00dfschneidern realisiere ich Ihre individuellen Gestaltungsw\u00fcnsche und ber\u00fccksichtige dabei Ihre Passformanspr\u00fcche bis ins Detail.<\/p>\n\n\n\n<p>F\u00fcr die Schnitterstellung ermittle ich zun\u00e4chst bis zu drei\u00dfig K\u00f6rperma\u00dfe, um Ihre individuellen K\u00f6rpereigenschaften und Ihre ganz pers\u00f6nlichen Gestaltungselemente optimal zu ber\u00fccksichtigen.<\/p>\n\n\n\n<p>W\u00e4hrend der 80-st\u00fcndigen Herstellungszeit investieren mein Team und ich ein hohes Ma\u00df an Handarbeit, um jedes Detail perfekt auszuarbeiten. Somit erhalten Sie nach 8-12 Wochen einen Ma\u00dfanzug, bei dem s\u00e4mtliche Knopfl\u00f6cher von Hand gestochen und das Sakko mit loser Rosshaareinlage gefertigt worden ist.<\/p>\n\n\n\n<p>In ca. drei Anproben stelle ich gemeinsam mit Ihnen sicher, dass Passform und Linienf\u00fchrung Ihres Ma\u00dfanzuges nach Ihren Vorstellungen umgesetzt werden.<\/p>\n\n\n\n<p><strong>Sie<\/strong>&nbsp;bestimmen Stil und Gestaltung und erleben den Entstehungsprozess einer hochwertigen Ma\u00dfanfertigung.<\/p>\n\n\n\n<p><strong>Ich<\/strong>&nbsp;garantiere Ihnen hochwertige Ma\u00dfbekleidung mit einer erstklassigen Verarbeitung und langer Lebensdauer.<\/p>\n","protected":false},"excerpt":{"rendered":"<p>In meinem Hamburger Atelier fertige ich Ihre Gesch\u00e4fts- und Gesellschaftskleidung nach Ma\u00df in traditioneller Handarbeit. Bei einem ersten Kennenlernen nehme ich mir Zeit \u2013 Zeit, um mit Ihnen in einem ausf\u00fchrlichen Beratungsgespr\u00e4ch den idealen Stoff f\u00fcr Ihre neue Ma\u00dfbekleidung auszuw\u00e4hlen und Sie eingehend hinsichtlich des Schnittes zu beraten. Mit meinem Team von ausgebildeten Ma\u00dfschneidern realisiere [&hellip;]<\/p>\n","protected":false},"author":1,"featured_media":645,"parent":0,"menu_order":0,"comment_status":"closed","ping_status":"closed","template":"","meta":{"footnotes":""},"class_list":["post-97","page","type-page","status-publish","has-post-thumbnail","hentry"],"yoast_head":"<!-- This site is optimized with the Yoast SEO plugin v26.8 - https:\/\/yoast.com\/product\/yoast-seo-wordpress\/ -->\n<title>Ma\u00dfanzug Hamburg - Angebot vom Herrenschneidermeister<\/title>\n<meta name=\"description\" content=\"\u2702 Pers\u00f6nliche Beratung f\u00fcr Ihren ma\u00dfgeschneiderten Anzug in Hamburg. Von Stoffauswahl (Loro Piana, Zegna) bis zum perfekten Schnitt \u2013 Ihr Unikat \u2702\" \/>\n<meta name=\"robots\" content=\"index, follow, max-snippet:-1, max-image-preview:large, max-video-preview:-1\" \/>\n<link rel=\"canonical\" href=\"https:\/\/www.herrenschneider-hamburg.de\/index.php\/herrenschneiderei\/\" \/>\n<meta property=\"og:locale\" content=\"de_DE\" \/>\n<meta property=\"og:type\" content=\"article\" \/>\n<meta property=\"og:title\" content=\"Herrenschneiderei Hamburg | Mein Angebot an Sie!\" \/>\n<meta property=\"og:description\" content=\"\u2702\u2702\u2702 In einem individuellen Beratungsgespr\u00e4ch kl\u00e4ren wir die Detail f\u00fcr Ihren Ma\u00dfanzug. Der geeignete Stoff, der Schnitt und die Umsetzung. \u2702\u2702\" \/>\n<meta property=\"og:url\" content=\"https:\/\/www.herrenschneider-hamburg.de\/index.php\/herrenschneiderei\/\" \/>\n<meta property=\"og:site_name\" content=\"D\u00fchnforth - Herrenschneider Hamburg\" \/>\n<meta property=\"article:publisher\" content=\"https:\/\/www.facebook.com\/herrenschneider\/\" \/>\n<meta property=\"article:modified_time\" content=\"2025-01-30T15:47:21+00:00\" \/>\n<meta property=\"og:image\" content=\"https:\/\/www.herrenschneider-hamburg.de\/wp-content\/uploads\/2021\/05\/angebot_massschneider_hamburg_smoking_cutaway-og.jpg\" \/>\n\t<meta property=\"og:image:width\" content=\"1200\" \/>\n\t<meta property=\"og:image:height\" content=\"630\" \/>\n\t<meta property=\"og:image:type\" content=\"image\/jpeg\" \/>\n<meta name=\"twitter:card\" content=\"summary_large_image\" \/>\n<meta name=\"twitter:label1\" content=\"Gesch\u00e4tzte Lesezeit\" \/>\n\t<meta name=\"twitter:data1\" content=\"2\u00a0Minuten\" \/>\n<script type=\"application\/ld+json\" class=\"yoast-schema-graph\">{\"@context\":\"https:\/\/schema.org\",\"@graph\":[{\"@type\":\"WebPage\",\"@id\":\"https:\/\/www.herrenschneider-hamburg.de\/index.php\/herrenschneiderei\/\",\"url\":\"https:\/\/www.herrenschneider-hamburg.de\/index.php\/herrenschneiderei\/\",\"name\":\"Ma\u00dfanzug Hamburg - Angebot vom Herrenschneidermeister\",\"isPartOf\":{\"@id\":\"https:\/\/www.herrenschneider-hamburg.de\/#website\"},\"primaryImageOfPage\":{\"@id\":\"https:\/\/www.herrenschneider-hamburg.de\/index.php\/herrenschneiderei\/#primaryimage\"},\"image\":{\"@id\":\"https:\/\/www.herrenschneider-hamburg.de\/index.php\/herrenschneiderei\/#primaryimage\"},\"thumbnailUrl\":\"https:\/\/www.herrenschneider-hamburg.de\/wp-content\/uploads\/2024\/03\/cropped-Portrait-und-Anprobefotos__DSC7697_final-scaled-1.jpg\",\"datePublished\":\"2019-04-26T21:39:09+00:00\",\"dateModified\":\"2025-01-30T15:47:21+00:00\",\"description\":\"\u2702 Pers\u00f6nliche Beratung f\u00fcr Ihren ma\u00dfgeschneiderten Anzug in Hamburg. Von Stoffauswahl (Loro Piana, Zegna) bis zum perfekten Schnitt \u2013 Ihr Unikat \u2702\",\"breadcrumb\":{\"@id\":\"https:\/\/www.herrenschneider-hamburg.de\/index.php\/herrenschneiderei\/#breadcrumb\"},\"inLanguage\":\"de\",\"potentialAction\":[{\"@type\":\"ReadAction\",\"target\":[\"https:\/\/www.herrenschneider-hamburg.de\/index.php\/herrenschneiderei\/\"]}]},{\"@type\":\"ImageObject\",\"inLanguage\":\"de\",\"@id\":\"https:\/\/www.herrenschneider-hamburg.de\/index.php\/herrenschneiderei\/#primaryimage\",\"url\":\"https:\/\/www.herrenschneider-hamburg.de\/wp-content\/uploads\/2024\/03\/cropped-Portrait-und-Anprobefotos__DSC7697_final-scaled-1.jpg\",\"contentUrl\":\"https:\/\/www.herrenschneider-hamburg.de\/wp-content\/uploads\/2024\/03\/cropped-Portrait-und-Anprobefotos__DSC7697_final-scaled-1.jpg\",\"width\":1200,\"height\":800},{\"@type\":\"BreadcrumbList\",\"@id\":\"https:\/\/www.herrenschneider-hamburg.de\/index.php\/herrenschneiderei\/#breadcrumb\",\"itemListElement\":[{\"@type\":\"ListItem\",\"position\":1,\"name\":\"Startseite\",\"item\":\"https:\/\/www.herrenschneider-hamburg.de\/\"},{\"@type\":\"ListItem\",\"position\":2,\"name\":\"Angebot\"}]},{\"@type\":\"WebSite\",\"@id\":\"https:\/\/www.herrenschneider-hamburg.de\/#website\",\"url\":\"https:\/\/www.herrenschneider-hamburg.de\/\",\"name\":\"D\u00fchnforth - Herrenschneider Hamburg\",\"description\":\"Tradition. Perfektion. Leidenschaft.\",\"potentialAction\":[{\"@type\":\"SearchAction\",\"target\":{\"@type\":\"EntryPoint\",\"urlTemplate\":\"https:\/\/www.herrenschneider-hamburg.de\/?s={search_term_string}\"},\"query-input\":{\"@type\":\"PropertyValueSpecification\",\"valueRequired\":true,\"valueName\":\"search_term_string\"}}],\"inLanguage\":\"de\"}]}<\/script>\n<!-- \/ Yoast SEO plugin. -->","yoast_head_json":{"title":"Ma\u00dfanzug Hamburg - Angebot vom Herrenschneidermeister","description":"\u2702 Pers\u00f6nliche Beratung f\u00fcr Ihren ma\u00dfgeschneiderten Anzug in Hamburg. Von Stoffauswahl (Loro Piana, Zegna) bis zum perfekten Schnitt \u2013 Ihr Unikat \u2702","robots":{"index":"index","follow":"follow","max-snippet":"max-snippet:-1","max-image-preview":"max-image-preview:large","max-video-preview":"max-video-preview:-1"},"canonical":"https:\/\/www.herrenschneider-hamburg.de\/index.php\/herrenschneiderei\/","og_locale":"de_DE","og_type":"article","og_title":"Herrenschneiderei Hamburg | Mein Angebot an Sie!","og_description":"\u2702\u2702\u2702 In einem individuellen Beratungsgespr\u00e4ch kl\u00e4ren wir die Detail f\u00fcr Ihren Ma\u00dfanzug. Der geeignete Stoff, der Schnitt und die Umsetzung. \u2702\u2702","og_url":"https:\/\/www.herrenschneider-hamburg.de\/index.php\/herrenschneiderei\/","og_site_name":"D\u00fchnforth - Herrenschneider Hamburg","article_publisher":"https:\/\/www.facebook.com\/herrenschneider\/","article_modified_time":"2025-01-30T15:47:21+00:00","og_image":[{"width":1200,"height":630,"url":"https:\/\/www.herrenschneider-hamburg.de\/wp-content\/uploads\/2021\/05\/angebot_massschneider_hamburg_smoking_cutaway-og.jpg","type":"image\/jpeg"}],"twitter_card":"summary_large_image","twitter_misc":{"Gesch\u00e4tzte Lesezeit":"2\u00a0Minuten"},"schema":{"@context":"https:\/\/schema.org","@graph":[{"@type":"WebPage","@id":"https:\/\/www.herrenschneider-hamburg.de\/index.php\/herrenschneiderei\/","url":"https:\/\/www.herrenschneider-hamburg.de\/index.php\/herrenschneiderei\/","name":"Ma\u00dfanzug Hamburg - Angebot vom Herrenschneidermeister","isPartOf":{"@id":"https:\/\/www.herrenschneider-hamburg.de\/#website"},"primaryImageOfPage":{"@id":"https:\/\/www.herrenschneider-hamburg.de\/index.php\/herrenschneiderei\/#primaryimage"},"image":{"@id":"https:\/\/www.herrenschneider-hamburg.de\/index.php\/herrenschneiderei\/#primaryimage"},"thumbnailUrl":"https:\/\/www.herrenschneider-hamburg.de\/wp-content\/uploads\/2024\/03\/cropped-Portrait-und-Anprobefotos__DSC7697_final-scaled-1.jpg","datePublished":"2019-04-26T21:39:09+00:00","dateModified":"2025-01-30T15:47:21+00:00","description":"\u2702 Pers\u00f6nliche Beratung f\u00fcr Ihren ma\u00dfgeschneiderten Anzug in Hamburg. Von Stoffauswahl (Loro Piana, Zegna) bis zum perfekten Schnitt \u2013 Ihr Unikat \u2702","breadcrumb":{"@id":"https:\/\/www.herrenschneider-hamburg.de\/index.php\/herrenschneiderei\/#breadcrumb"},"inLanguage":"de","potentialAction":[{"@type":"ReadAction","target":["https:\/\/www.herrenschneider-hamburg.de\/index.php\/herrenschneiderei\/"]}]},{"@type":"ImageObject","inLanguage":"de","@id":"https:\/\/www.herrenschneider-hamburg.de\/index.php\/herrenschneiderei\/#primaryimage","url":"https:\/\/www.herrenschneider-hamburg.de\/wp-content\/uploads\/2024\/03\/cropped-Portrait-und-Anprobefotos__DSC7697_final-scaled-1.jpg","contentUrl":"https:\/\/www.herrenschneider-hamburg.de\/wp-content\/uploads\/2024\/03\/cropped-Portrait-und-Anprobefotos__DSC7697_final-scaled-1.jpg","width":1200,"height":800},{"@type":"BreadcrumbList","@id":"https:\/\/www.herrenschneider-hamburg.de\/index.php\/herrenschneiderei\/#breadcrumb","itemListElement":[{"@type":"ListItem","position":1,"name":"Startseite","item":"https:\/\/www.herrenschneider-hamburg.de\/"},{"@type":"ListItem","position":2,"name":"Angebot"}]},{"@type":"WebSite","@id":"https:\/\/www.herrenschneider-hamburg.de\/#website","url":"https:\/\/www.herrenschneider-hamburg.de\/","name":"D\u00fchnforth - Herrenschneider Hamburg","description":"Tradition. Perfektion. Leidenschaft.","potentialAction":[{"@type":"SearchAction","target":{"@type":"EntryPoint","urlTemplate":"https:\/\/www.herrenschneider-hamburg.de\/?s={search_term_string}"},"query-input":{"@type":"PropertyValueSpecification","valueRequired":true,"valueName":"search_term_string"}}],"inLanguage":"de"}]}},"_links":{"self":[{"href":"https:\/\/www.herrenschneider-hamburg.de\/index.php\/wp-json\/wp\/v2\/pages\/97","targetHints":{"allow":["GET"]}}],"collection":[{"href":"https:\/\/www.herrenschneider-hamburg.de\/index.php\/wp-json\/wp\/v2\/pages"}],"about":[{"href":"https:\/\/www.herrenschneider-hamburg.de\/index.php\/wp-json\/wp\/v2\/types\/page"}],"author":[{"embeddable":true,"href":"https:\/\/www.herrenschneider-hamburg.de\/index.php\/wp-json\/wp\/v2\/users\/1"}],"replies":[{"embeddable":true,"href":"https:\/\/www.herrenschneider-hamburg.de\/index.php\/wp-json\/wp\/v2\/comments?post=97"}],"version-history":[{"count":2,"href":"https:\/\/www.herrenschneider-hamburg.de\/index.php\/wp-json\/wp\/v2\/pages\/97\/revisions"}],"predecessor-version":[{"id":654,"href":"https:\/\/www.herrenschneider-hamburg.de\/index.php\/wp-json\/wp\/v2\/pages\/97\/revisions\/654"}],"wp:featuredmedia":[{"embeddable":true,"href":"https:\/\/www.herrenschneider-hamburg.de\/index.php\/wp-json\/wp\/v2\/media\/645"}],"wp:attachment":[{"href":"https:\/\/www.herrenschneider-hamburg.de\/index.php\/wp-json\/wp\/v2\/media?parent=97"}],"curies":[{"name":"wp","href":"https:\/\/api.w.org\/{rel}","templated":true}]}}