{"id":449,"date":"2019-12-16T23:39:54","date_gmt":"2019-12-16T22:39:54","guid":{"rendered":"http:\/\/wp11002485.server-he.de\/wp2019\/?page_id=449"},"modified":"2025-01-30T16:48:51","modified_gmt":"2025-01-30T15:48:51","slug":"herrenschneider","status":"publish","type":"page","link":"https:\/\/www.herrenschneider-hamburg.de\/index.php\/herrenschneider\/","title":{"rendered":"Das Handwerk &#8211; Herrenschneider"},"content":{"rendered":"\n<h2 class=\"wp-block-heading\">Tradition.<\/h2>\n\n\n\n<p>In der Tradition des Schneiderhandwerks fertige ich Ma\u00dfanz\u00fcge von Meisterhand, die sich im diskreten Chic der klassischen Herrenschneiderei von den \u00fcblichen Massenprodukten abheben.<\/p>\n\n\n\n<h2 class=\"wp-block-heading\">Perfektion.<\/h2>\n\n\n\n<p>Die ideale Stoffauswahl und Gestaltung sind genauso entscheidend, wie die perfekte Umsetzung. Mit gr\u00f6\u00dfter Sorgfalt realisiere ich mit meinem Team alle Details in pr\u00e4ziser Handarbeit.<\/p>\n\n\n\n<h2 class=\"wp-block-heading\">Leidenschaft.<\/h2>\n\n\n\n<p>Bei mir erleben Sie den besonderen Wert erstklassiger Ma\u00dfanfertigungen. Ich teile mit Ihnen die Begeisterung f\u00fcr das traditionelle Schneiderhandwerk.<\/p>\n","protected":false},"excerpt":{"rendered":"<p>Tradition. In der Tradition des Schneiderhandwerks fertige ich Ma\u00dfanz\u00fcge von Meisterhand, die sich im diskreten Chic der klassischen Herrenschneiderei von den \u00fcblichen Massenprodukten abheben. Perfektion. Die ideale Stoffauswahl und Gestaltung sind genauso entscheidend, wie die perfekte Umsetzung. Mit gr\u00f6\u00dfter Sorgfalt realisiere ich mit meinem Team alle Details in pr\u00e4ziser Handarbeit. Leidenschaft. Bei mir erleben Sie [&hellip;]<\/p>\n","protected":false},"author":1,"featured_media":648,"parent":0,"menu_order":0,"comment_status":"closed","ping_status":"closed","template":"","meta":{"footnotes":""},"class_list":["post-449","page","type-page","status-publish","has-post-thumbnail","hentry"],"yoast_head":"<!-- This site is optimized with the Yoast SEO plugin v26.8 - https:\/\/yoast.com\/product\/yoast-seo-wordpress\/ -->\n<title>Herrenschneider Hamburg | Handwerk f\u00fcr Ma\u00dfanz\u00fcge in Vollma\u00df<\/title>\n<meta name=\"description\" content=\"\u2702 Ma\u00dfschneider aus Leidenschaft: Jedes Detail Ihres Anzugs wird in Hamburg von Hand gefertigt \u2013 mit Stoffen von Scabal &amp; Holland &amp; Sherry. \u2702\" \/>\n<meta name=\"robots\" content=\"index, follow, max-snippet:-1, max-image-preview:large, max-video-preview:-1\" \/>\n<link rel=\"canonical\" href=\"https:\/\/www.herrenschneider-hamburg.de\/index.php\/herrenschneider\/\" \/>\n<meta property=\"og:locale\" content=\"de_DE\" \/>\n<meta property=\"og:type\" content=\"article\" \/>\n<meta property=\"og:title\" content=\"Herrenschneider Hamburg | Tradition Perfektion Leidenschaft | D\u00fchnforth\" \/>\n<meta property=\"og:description\" content=\"\u2702\u2702\u2702 Ich fertige Ma\u00dfanz\u00fcge von Meisterhand. Ideale Stoffauswahl und der perfekte Schnitt, in perfekter Umsetzung. \u2702\u2702\u2702\" \/>\n<meta property=\"og:url\" content=\"https:\/\/www.herrenschneider-hamburg.de\/index.php\/herrenschneider\/\" \/>\n<meta property=\"og:site_name\" content=\"D\u00fchnforth - Herrenschneider Hamburg\" \/>\n<meta property=\"article:publisher\" content=\"https:\/\/www.facebook.com\/herrenschneider\/\" \/>\n<meta property=\"article:modified_time\" content=\"2025-01-30T15:48:51+00:00\" \/>\n<meta property=\"og:image\" content=\"https:\/\/www.herrenschneider-hamburg.de\/wp-content\/uploads\/2021\/05\/das_handwerk_massanzug_hamburg-og.jpg\" \/>\n\t<meta property=\"og:image:width\" content=\"1200\" \/>\n\t<meta property=\"og:image:height\" content=\"630\" \/>\n\t<meta property=\"og:image:type\" content=\"image\/jpeg\" \/>\n<meta name=\"twitter:card\" content=\"summary_large_image\" \/>\n<meta name=\"twitter:label1\" content=\"Gesch\u00e4tzte Lesezeit\" \/>\n\t<meta name=\"twitter:data1\" content=\"1\u00a0Minute\" \/>\n<script type=\"application\/ld+json\" class=\"yoast-schema-graph\">{\"@context\":\"https:\/\/schema.org\",\"@graph\":[{\"@type\":\"WebPage\",\"@id\":\"https:\/\/www.herrenschneider-hamburg.de\/index.php\/herrenschneider\/\",\"url\":\"https:\/\/www.herrenschneider-hamburg.de\/index.php\/herrenschneider\/\",\"name\":\"Herrenschneider Hamburg | Handwerk f\u00fcr Ma\u00dfanz\u00fcge in Vollma\u00df\",\"isPartOf\":{\"@id\":\"https:\/\/www.herrenschneider-hamburg.de\/#website\"},\"primaryImageOfPage\":{\"@id\":\"https:\/\/www.herrenschneider-hamburg.de\/index.php\/herrenschneider\/#primaryimage\"},\"image\":{\"@id\":\"https:\/\/www.herrenschneider-hamburg.de\/index.php\/herrenschneider\/#primaryimage\"},\"thumbnailUrl\":\"https:\/\/www.herrenschneider-hamburg.de\/wp-content\/uploads\/2024\/03\/cropped-Portrait-und-Anprobefotos__DSC7449_final-scaled-1.jpg\",\"datePublished\":\"2019-12-16T22:39:54+00:00\",\"dateModified\":\"2025-01-30T15:48:51+00:00\",\"description\":\"\u2702 Ma\u00dfschneider aus Leidenschaft: Jedes Detail Ihres Anzugs wird in Hamburg von Hand gefertigt \u2013 mit Stoffen von Scabal & Holland & Sherry. \u2702\",\"breadcrumb\":{\"@id\":\"https:\/\/www.herrenschneider-hamburg.de\/index.php\/herrenschneider\/#breadcrumb\"},\"inLanguage\":\"de\",\"potentialAction\":[{\"@type\":\"ReadAction\",\"target\":[\"https:\/\/www.herrenschneider-hamburg.de\/index.php\/herrenschneider\/\"]}]},{\"@type\":\"ImageObject\",\"inLanguage\":\"de\",\"@id\":\"https:\/\/www.herrenschneider-hamburg.de\/index.php\/herrenschneider\/#primaryimage\",\"url\":\"https:\/\/www.herrenschneider-hamburg.de\/wp-content\/uploads\/2024\/03\/cropped-Portrait-und-Anprobefotos__DSC7449_final-scaled-1.jpg\",\"contentUrl\":\"https:\/\/www.herrenschneider-hamburg.de\/wp-content\/uploads\/2024\/03\/cropped-Portrait-und-Anprobefotos__DSC7449_final-scaled-1.jpg\",\"width\":1200,\"height\":800},{\"@type\":\"BreadcrumbList\",\"@id\":\"https:\/\/www.herrenschneider-hamburg.de\/index.php\/herrenschneider\/#breadcrumb\",\"itemListElement\":[{\"@type\":\"ListItem\",\"position\":1,\"name\":\"Startseite\",\"item\":\"https:\/\/www.herrenschneider-hamburg.de\/\"},{\"@type\":\"ListItem\",\"position\":2,\"name\":\"Das Handwerk &#8211; Herrenschneider\"}]},{\"@type\":\"WebSite\",\"@id\":\"https:\/\/www.herrenschneider-hamburg.de\/#website\",\"url\":\"https:\/\/www.herrenschneider-hamburg.de\/\",\"name\":\"D\u00fchnforth - Herrenschneider Hamburg\",\"description\":\"Tradition. Perfektion. Leidenschaft.\",\"potentialAction\":[{\"@type\":\"SearchAction\",\"target\":{\"@type\":\"EntryPoint\",\"urlTemplate\":\"https:\/\/www.herrenschneider-hamburg.de\/?s={search_term_string}\"},\"query-input\":{\"@type\":\"PropertyValueSpecification\",\"valueRequired\":true,\"valueName\":\"search_term_string\"}}],\"inLanguage\":\"de\"}]}<\/script>\n<!-- \/ Yoast SEO plugin. -->","yoast_head_json":{"title":"Herrenschneider Hamburg | Handwerk f\u00fcr Ma\u00dfanz\u00fcge in Vollma\u00df","description":"\u2702 Ma\u00dfschneider aus Leidenschaft: Jedes Detail Ihres Anzugs wird in Hamburg von Hand gefertigt \u2013 mit Stoffen von Scabal & Holland & Sherry. \u2702","robots":{"index":"index","follow":"follow","max-snippet":"max-snippet:-1","max-image-preview":"max-image-preview:large","max-video-preview":"max-video-preview:-1"},"canonical":"https:\/\/www.herrenschneider-hamburg.de\/index.php\/herrenschneider\/","og_locale":"de_DE","og_type":"article","og_title":"Herrenschneider Hamburg | Tradition Perfektion Leidenschaft | D\u00fchnforth","og_description":"\u2702\u2702\u2702 Ich fertige Ma\u00dfanz\u00fcge von Meisterhand. Ideale Stoffauswahl und der perfekte Schnitt, in perfekter Umsetzung. \u2702\u2702\u2702","og_url":"https:\/\/www.herrenschneider-hamburg.de\/index.php\/herrenschneider\/","og_site_name":"D\u00fchnforth - Herrenschneider Hamburg","article_publisher":"https:\/\/www.facebook.com\/herrenschneider\/","article_modified_time":"2025-01-30T15:48:51+00:00","og_image":[{"width":1200,"height":630,"url":"https:\/\/www.herrenschneider-hamburg.de\/wp-content\/uploads\/2021\/05\/das_handwerk_massanzug_hamburg-og.jpg","type":"image\/jpeg"}],"twitter_card":"summary_large_image","twitter_misc":{"Gesch\u00e4tzte Lesezeit":"1\u00a0Minute"},"schema":{"@context":"https:\/\/schema.org","@graph":[{"@type":"WebPage","@id":"https:\/\/www.herrenschneider-hamburg.de\/index.php\/herrenschneider\/","url":"https:\/\/www.herrenschneider-hamburg.de\/index.php\/herrenschneider\/","name":"Herrenschneider Hamburg | Handwerk f\u00fcr Ma\u00dfanz\u00fcge in Vollma\u00df","isPartOf":{"@id":"https:\/\/www.herrenschneider-hamburg.de\/#website"},"primaryImageOfPage":{"@id":"https:\/\/www.herrenschneider-hamburg.de\/index.php\/herrenschneider\/#primaryimage"},"image":{"@id":"https:\/\/www.herrenschneider-hamburg.de\/index.php\/herrenschneider\/#primaryimage"},"thumbnailUrl":"https:\/\/www.herrenschneider-hamburg.de\/wp-content\/uploads\/2024\/03\/cropped-Portrait-und-Anprobefotos__DSC7449_final-scaled-1.jpg","datePublished":"2019-12-16T22:39:54+00:00","dateModified":"2025-01-30T15:48:51+00:00","description":"\u2702 Ma\u00dfschneider aus Leidenschaft: Jedes Detail Ihres Anzugs wird in Hamburg von Hand gefertigt \u2013 mit Stoffen von Scabal & Holland & Sherry. \u2702","breadcrumb":{"@id":"https:\/\/www.herrenschneider-hamburg.de\/index.php\/herrenschneider\/#breadcrumb"},"inLanguage":"de","potentialAction":[{"@type":"ReadAction","target":["https:\/\/www.herrenschneider-hamburg.de\/index.php\/herrenschneider\/"]}]},{"@type":"ImageObject","inLanguage":"de","@id":"https:\/\/www.herrenschneider-hamburg.de\/index.php\/herrenschneider\/#primaryimage","url":"https:\/\/www.herrenschneider-hamburg.de\/wp-content\/uploads\/2024\/03\/cropped-Portrait-und-Anprobefotos__DSC7449_final-scaled-1.jpg","contentUrl":"https:\/\/www.herrenschneider-hamburg.de\/wp-content\/uploads\/2024\/03\/cropped-Portrait-und-Anprobefotos__DSC7449_final-scaled-1.jpg","width":1200,"height":800},{"@type":"BreadcrumbList","@id":"https:\/\/www.herrenschneider-hamburg.de\/index.php\/herrenschneider\/#breadcrumb","itemListElement":[{"@type":"ListItem","position":1,"name":"Startseite","item":"https:\/\/www.herrenschneider-hamburg.de\/"},{"@type":"ListItem","position":2,"name":"Das Handwerk &#8211; Herrenschneider"}]},{"@type":"WebSite","@id":"https:\/\/www.herrenschneider-hamburg.de\/#website","url":"https:\/\/www.herrenschneider-hamburg.de\/","name":"D\u00fchnforth - Herrenschneider Hamburg","description":"Tradition. Perfektion. Leidenschaft.","potentialAction":[{"@type":"SearchAction","target":{"@type":"EntryPoint","urlTemplate":"https:\/\/www.herrenschneider-hamburg.de\/?s={search_term_string}"},"query-input":{"@type":"PropertyValueSpecification","valueRequired":true,"valueName":"search_term_string"}}],"inLanguage":"de"}]}},"_links":{"self":[{"href":"https:\/\/www.herrenschneider-hamburg.de\/index.php\/wp-json\/wp\/v2\/pages\/449","targetHints":{"allow":["GET"]}}],"collection":[{"href":"https:\/\/www.herrenschneider-hamburg.de\/index.php\/wp-json\/wp\/v2\/pages"}],"about":[{"href":"https:\/\/www.herrenschneider-hamburg.de\/index.php\/wp-json\/wp\/v2\/types\/page"}],"author":[{"embeddable":true,"href":"https:\/\/www.herrenschneider-hamburg.de\/index.php\/wp-json\/wp\/v2\/users\/1"}],"replies":[{"embeddable":true,"href":"https:\/\/www.herrenschneider-hamburg.de\/index.php\/wp-json\/wp\/v2\/comments?post=449"}],"version-history":[{"count":4,"href":"https:\/\/www.herrenschneider-hamburg.de\/index.php\/wp-json\/wp\/v2\/pages\/449\/revisions"}],"predecessor-version":[{"id":612,"href":"https:\/\/www.herrenschneider-hamburg.de\/index.php\/wp-json\/wp\/v2\/pages\/449\/revisions\/612"}],"wp:featuredmedia":[{"embeddable":true,"href":"https:\/\/www.herrenschneider-hamburg.de\/index.php\/wp-json\/wp\/v2\/media\/648"}],"wp:attachment":[{"href":"https:\/\/www.herrenschneider-hamburg.de\/index.php\/wp-json\/wp\/v2\/media?parent=449"}],"curies":[{"name":"wp","href":"https:\/\/api.w.org\/{rel}","templated":true}]}}