{"id":262,"date":"2019-04-26T23:39:09","date_gmt":"2019-04-26T21:39:09","guid":{"rendered":"http:\/\/wp11002485.server-he.de\/wp2019\/?page_id=262"},"modified":"2025-01-30T16:45:10","modified_gmt":"2025-01-30T15:45:10","slug":"startseite","status":"publish","type":"page","link":"https:\/\/www.herrenschneider-hamburg.de\/","title":{"rendered":""},"content":{"rendered":"\n<div align=\"center\">\n<h1>Tradition.<\/h1>\n<\/div>\n\n\n\n<div align=\"center\">\n<h2 style=\"font-size: 32px\">Perfektion.<\/h2>\n<\/div>\n\n\n\n<div align=\"center\">\n<h2 style=\"font-size: 32px\">Leidenschaft.<\/h2>\n<\/div>\n\n\n\n<p><\/p>\n","protected":false},"excerpt":{"rendered":"<p>Tradition. Perfektion. Leidenschaft.<\/p>\n","protected":false},"author":1,"featured_media":0,"parent":0,"menu_order":0,"comment_status":"closed","ping_status":"closed","template":"","meta":{"footnotes":""},"class_list":["post-262","page","type-page","status-publish","hentry"],"yoast_head":"<!-- This site is optimized with the Yoast SEO plugin v26.8 - https:\/\/yoast.com\/product\/yoast-seo-wordpress\/ -->\n<title>Herrenschneider Hamburg - Sandro D\u00fchnforth - Schneidermeister<\/title>\n<meta name=\"description\" content=\"\u2702 Ma\u00dfgeschneiderte Anz\u00fcge aus Hamburg: Perfektion in Vollma\u00df. Traditionelle Handwerkskunst mit Stoffen von Loro Piana &amp; Zegna. \u2702\" \/>\n<meta name=\"robots\" content=\"index, follow, max-snippet:-1, max-image-preview:large, max-video-preview:-1\" \/>\n<link rel=\"canonical\" href=\"https:\/\/www.herrenschneider-hamburg.de\/\" \/>\n<meta property=\"og:locale\" content=\"de_DE\" \/>\n<meta property=\"og:type\" content=\"article\" \/>\n<meta property=\"og:title\" content=\"Herrenschneider Hamburg - Sandro D\u00fchnforth - Herrenschneidermeister\" \/>\n<meta property=\"og:description\" content=\"\u2702\u2702\u2702 Ihr Ma\u00dfanzug aus Meisterhand mitten aus Hamburg. Mit Tradition, Perfektion und Leidenschaft fertigen wir in unserer Werkstatt Unikate. \u2702\u2702\" \/>\n<meta property=\"og:url\" content=\"https:\/\/www.herrenschneider-hamburg.de\/\" \/>\n<meta property=\"og:site_name\" content=\"D\u00fchnforth - Herrenschneider Hamburg\" \/>\n<meta property=\"article:publisher\" content=\"https:\/\/www.facebook.com\/herrenschneider\/\" \/>\n<meta property=\"article:modified_time\" content=\"2025-01-30T15:45:10+00:00\" \/>\n<meta property=\"og:image\" content=\"https:\/\/www.herrenschneider-hamburg.de\/wp-content\/uploads\/2021\/05\/startseite_herrenschneider_hamburg-og.jpg\" \/>\n\t<meta property=\"og:image:width\" content=\"1200\" \/>\n\t<meta property=\"og:image:height\" content=\"630\" \/>\n\t<meta property=\"og:image:type\" content=\"image\/jpeg\" \/>\n<meta name=\"twitter:card\" content=\"summary_large_image\" \/>\n<meta name=\"twitter:label1\" content=\"Gesch\u00e4tzte Lesezeit\" \/>\n\t<meta name=\"twitter:data1\" content=\"1\u00a0Minute\" \/>\n<script type=\"application\/ld+json\" class=\"yoast-schema-graph\">{\"@context\":\"https:\/\/schema.org\",\"@graph\":[{\"@type\":\"WebPage\",\"@id\":\"https:\/\/www.herrenschneider-hamburg.de\/\",\"url\":\"https:\/\/www.herrenschneider-hamburg.de\/\",\"name\":\"Herrenschneider Hamburg - Sandro D\u00fchnforth - Schneidermeister\",\"isPartOf\":{\"@id\":\"https:\/\/www.herrenschneider-hamburg.de\/#website\"},\"datePublished\":\"2019-04-26T21:39:09+00:00\",\"dateModified\":\"2025-01-30T15:45:10+00:00\",\"description\":\"\u2702 Ma\u00dfgeschneiderte Anz\u00fcge aus Hamburg: Perfektion in Vollma\u00df. Traditionelle Handwerkskunst mit Stoffen von Loro Piana & Zegna. \u2702\",\"inLanguage\":\"de\",\"potentialAction\":[{\"@type\":\"ReadAction\",\"target\":[\"https:\/\/www.herrenschneider-hamburg.de\/\"]}]},{\"@type\":\"WebSite\",\"@id\":\"https:\/\/www.herrenschneider-hamburg.de\/#website\",\"url\":\"https:\/\/www.herrenschneider-hamburg.de\/\",\"name\":\"D\u00fchnforth - Herrenschneider Hamburg\",\"description\":\"Tradition. Perfektion. Leidenschaft.\",\"potentialAction\":[{\"@type\":\"SearchAction\",\"target\":{\"@type\":\"EntryPoint\",\"urlTemplate\":\"https:\/\/www.herrenschneider-hamburg.de\/?s={search_term_string}\"},\"query-input\":{\"@type\":\"PropertyValueSpecification\",\"valueRequired\":true,\"valueName\":\"search_term_string\"}}],\"inLanguage\":\"de\"}]}<\/script>\n<!-- \/ Yoast SEO plugin. -->","yoast_head_json":{"title":"Herrenschneider Hamburg - Sandro D\u00fchnforth - Schneidermeister","description":"\u2702 Ma\u00dfgeschneiderte Anz\u00fcge aus Hamburg: Perfektion in Vollma\u00df. Traditionelle Handwerkskunst mit Stoffen von Loro Piana & Zegna. \u2702","robots":{"index":"index","follow":"follow","max-snippet":"max-snippet:-1","max-image-preview":"max-image-preview:large","max-video-preview":"max-video-preview:-1"},"canonical":"https:\/\/www.herrenschneider-hamburg.de\/","og_locale":"de_DE","og_type":"article","og_title":"Herrenschneider Hamburg - Sandro D\u00fchnforth - Herrenschneidermeister","og_description":"\u2702\u2702\u2702 Ihr Ma\u00dfanzug aus Meisterhand mitten aus Hamburg. Mit Tradition, Perfektion und Leidenschaft fertigen wir in unserer Werkstatt Unikate. \u2702\u2702","og_url":"https:\/\/www.herrenschneider-hamburg.de\/","og_site_name":"D\u00fchnforth - Herrenschneider Hamburg","article_publisher":"https:\/\/www.facebook.com\/herrenschneider\/","article_modified_time":"2025-01-30T15:45:10+00:00","og_image":[{"width":1200,"height":630,"url":"https:\/\/www.herrenschneider-hamburg.de\/wp-content\/uploads\/2021\/05\/startseite_herrenschneider_hamburg-og.jpg","type":"image\/jpeg"}],"twitter_card":"summary_large_image","twitter_misc":{"Gesch\u00e4tzte Lesezeit":"1\u00a0Minute"},"schema":{"@context":"https:\/\/schema.org","@graph":[{"@type":"WebPage","@id":"https:\/\/www.herrenschneider-hamburg.de\/","url":"https:\/\/www.herrenschneider-hamburg.de\/","name":"Herrenschneider Hamburg - Sandro D\u00fchnforth - Schneidermeister","isPartOf":{"@id":"https:\/\/www.herrenschneider-hamburg.de\/#website"},"datePublished":"2019-04-26T21:39:09+00:00","dateModified":"2025-01-30T15:45:10+00:00","description":"\u2702 Ma\u00dfgeschneiderte Anz\u00fcge aus Hamburg: Perfektion in Vollma\u00df. Traditionelle Handwerkskunst mit Stoffen von Loro Piana & Zegna. \u2702","inLanguage":"de","potentialAction":[{"@type":"ReadAction","target":["https:\/\/www.herrenschneider-hamburg.de\/"]}]},{"@type":"WebSite","@id":"https:\/\/www.herrenschneider-hamburg.de\/#website","url":"https:\/\/www.herrenschneider-hamburg.de\/","name":"D\u00fchnforth - Herrenschneider Hamburg","description":"Tradition. Perfektion. Leidenschaft.","potentialAction":[{"@type":"SearchAction","target":{"@type":"EntryPoint","urlTemplate":"https:\/\/www.herrenschneider-hamburg.de\/?s={search_term_string}"},"query-input":{"@type":"PropertyValueSpecification","valueRequired":true,"valueName":"search_term_string"}}],"inLanguage":"de"}]}},"_links":{"self":[{"href":"https:\/\/www.herrenschneider-hamburg.de\/index.php\/wp-json\/wp\/v2\/pages\/262","targetHints":{"allow":["GET"]}}],"collection":[{"href":"https:\/\/www.herrenschneider-hamburg.de\/index.php\/wp-json\/wp\/v2\/pages"}],"about":[{"href":"https:\/\/www.herrenschneider-hamburg.de\/index.php\/wp-json\/wp\/v2\/types\/page"}],"author":[{"embeddable":true,"href":"https:\/\/www.herrenschneider-hamburg.de\/index.php\/wp-json\/wp\/v2\/users\/1"}],"replies":[{"embeddable":true,"href":"https:\/\/www.herrenschneider-hamburg.de\/index.php\/wp-json\/wp\/v2\/comments?post=262"}],"version-history":[{"count":5,"href":"https:\/\/www.herrenschneider-hamburg.de\/index.php\/wp-json\/wp\/v2\/pages\/262\/revisions"}],"predecessor-version":[{"id":674,"href":"https:\/\/www.herrenschneider-hamburg.de\/index.php\/wp-json\/wp\/v2\/pages\/262\/revisions\/674"}],"wp:attachment":[{"href":"https:\/\/www.herrenschneider-hamburg.de\/index.php\/wp-json\/wp\/v2\/media?parent=262"}],"curies":[{"name":"wp","href":"https:\/\/api.w.org\/{rel}","templated":true}]}}