{"id":149,"date":"2019-04-26T23:39:09","date_gmt":"2019-04-26T21:39:09","guid":{"rendered":"http:\/\/wp11002485.server-he.de\/wp2019\/?page_id=149"},"modified":"2024-03-17T12:54:44","modified_gmt":"2024-03-17T11:54:44","slug":"bespoke","status":"publish","type":"page","link":"https:\/\/www.herrenschneider-hamburg.de\/index.php\/bespoke\/","title":{"rendered":"Impressum"},"content":{"rendered":"<h2>Angaben gem\u00e4\u00df \u00a7 5 TMG<\/h2>\n<p>D\u00fchnforth \u2013 Herrenschneider Hamburg GmbH<br>\nKoppel 66 \/ Lange Reihe 75<br>\n20099 Hamburg<\/p>\n<p>Handelsregister: HRB124311<br>\nRegistergericht: Amtsgericht Hamburg<\/p>\n<p><strong>Vertreten durch:<\/strong><br>\nSandro D\u00fchnforth<\/p>\n<h2>Kontakt<\/h2>\n<p>Telefon: 040 769 960 96<br>\nE-Mail: post@herrenschneider-hamburg.de<\/p>\n<h2>Umsatzsteuer-ID<\/h2>\n<p>Umsatzsteuer-Identifikationsnummer gem\u00e4\u00df \u00a7 27 a Umsatzsteuergesetz:<br>\nDE285078616<\/p>\n<h2>EU-Streitschlichtung<\/h2>\n<p>Die Europ\u00e4ische Kommission stellt eine Plattform zur Online-Streitbeilegung (OS) bereit: <a href=\"https:\/\/ec.europa.eu\/consumers\/odr\/\" target=\"_blank\" rel=\"noopener noreferrer\">https:\/\/ec.europa.eu\/consumers\/odr\/<\/a>.<br> Unsere E-Mail-Adresse finden Sie oben im Impressum.<\/p>\n<h2>Verbraucher\u00adstreit\u00adbeilegung\/Universal\u00adschlichtungs\u00adstelle<\/h2>\n<p>Wir sind nicht bereit oder verpflichtet, an Streitbeilegungsverfahren vor einer Verbraucherschlichtungsstelle teilzunehmen.<\/p>\n<h3>Haftung f\u00fcr Inhalte<\/h3>\n<p>Als Diensteanbieter sind wir gem\u00e4\u00df \u00a7 7 Abs.1 TMG f\u00fcr eigene Inhalte auf diesen Seiten nach den allgemeinen Gesetzen verantwortlich. Nach \u00a7\u00a7 8 bis 10 TMG sind wir als Diensteanbieter jedoch nicht verpflichtet, \u00fcbermittelte oder gespeicherte fremde Informationen zu \u00fcberwachen oder nach Umst\u00e4nden zu forschen, die auf eine rechtswidrige T\u00e4tigkeit hinweisen.<\/p>\n<p>Verpflichtungen zur Entfernung oder Sperrung der Nutzung von Informationen nach den allgemeinen Gesetzen bleiben hiervon unber\u00fchrt. Eine diesbez\u00fcgliche Haftung ist jedoch erst ab dem Zeitpunkt der Kenntnis einer konkreten Rechtsverletzung m\u00f6glich. Bei Bekanntwerden von entsprechenden Rechtsverletzungen werden wir diese Inhalte umgehend entfernen.<\/p>\n<h3>Haftung f\u00fcr Links<\/h3>\n<p>Unser Angebot enth\u00e4lt Links zu externen Websites Dritter, auf deren Inhalte wir keinen Einfluss haben. Deshalb k\u00f6nnen wir f\u00fcr diese fremden Inhalte auch keine Gew\u00e4hr \u00fcbernehmen. F\u00fcr die Inhalte der verlinkten Seiten ist stets der jeweilige Anbieter oder Betreiber der Seiten verantwortlich. Die verlinkten Seiten wurden zum Zeitpunkt der Verlinkung auf m\u00f6gliche Rechtsverst\u00f6\u00dfe \u00fcberpr\u00fcft. Rechtswidrige Inhalte waren zum Zeitpunkt der Verlinkung nicht erkennbar.<\/p>\n<p>Eine permanente inhaltliche Kontrolle der verlinkten Seiten ist jedoch ohne konkrete Anhaltspunkte einer Rechtsverletzung nicht zumutbar. Bei Bekanntwerden von Rechtsverletzungen werden wir derartige Links umgehend entfernen.<\/p>\n<h3>Urheberrecht<\/h3>\n<p>Die durch die Seitenbetreiber erstellten Inhalte und Werke auf diesen Seiten unterliegen dem deutschen Urheberrecht. Die Vervielf\u00e4ltigung, Bearbeitung, Verbreitung und jede Art der Verwertung au\u00dferhalb der Grenzen des Urheberrechtes bed\u00fcrfen der schriftlichen Zustimmung des jeweiligen Autors bzw. Erstellers. Downloads und Kopien dieser Seite sind nur f\u00fcr den privaten, nicht kommerziellen Gebrauch gestattet.<\/p>\n<p>Soweit die Inhalte auf dieser Seite nicht vom Betreiber erstellt wurden, werden die Urheberrechte Dritter beachtet. Insbesondere werden Inhalte Dritter als solche gekennzeichnet. Sollten Sie trotzdem auf eine Urheberrechtsverletzung aufmerksam werden, bitten wir um einen entsprechenden Hinweis. Bei Bekanntwerden von Rechtsverletzungen werden wir derartige Inhalte umgehend entfernen.<\/p>\n\n\n<p class=\"has-small-font-size\"><strong>Layout Print und Media: Teresa Gaschler \u2013 Gaschler Hut Design&nbsp;<a href=\"http:\/\/www.gaschlerhutdesign.com\">www.gaschlerhutdesign.com<\/a><\/strong><\/p>\n\n\n\n<p class=\"has-small-font-size\"><strong>Konzeption, Gestaltung und Realisierung der Webseite: Philipp Schneidewind<\/strong><\/p>\n\n\n\n<p class=\"has-small-font-size\"><strong>Imagefilm: Olofsson Film&nbsp;<a href=\"mailto:lasseolofsson@gmail.com\">lasseolofsson@gmail.com<\/a><\/strong><\/p>\n\n\n\n<p class=\"has-small-font-size\"><strong>Fotografie: Giovanni Mafrici<\/strong><\/p>\n","protected":false},"excerpt":{"rendered":"<p>Angaben gem\u00e4\u00df \u00a7 5 TMG D\u00fchnforth \u2013 Herrenschneider Hamburg GmbH Koppel 66 \/ Lange Reihe 75 20099 Hamburg Handelsregister: HRB124311 Registergericht: Amtsgericht Hamburg Vertreten durch: Sandro D\u00fchnforth Kontakt Telefon: 040 769 960 96 E-Mail: post@herrenschneider-hamburg.de Umsatzsteuer-ID Umsatzsteuer-Identifikationsnummer gem\u00e4\u00df \u00a7 27 a Umsatzsteuergesetz: DE285078616 EU-Streitschlichtung Die Europ\u00e4ische Kommission stellt eine Plattform zur Online-Streitbeilegung (OS) bereit: https:\/\/ec.europa.eu\/consumers\/odr\/. [&hellip;]<\/p>\n","protected":false},"author":1,"featured_media":647,"parent":0,"menu_order":0,"comment_status":"closed","ping_status":"closed","template":"","meta":{"footnotes":""},"class_list":["post-149","page","type-page","status-publish","has-post-thumbnail","hentry"],"yoast_head":"<!-- This site is optimized with the Yoast SEO plugin v26.8 - https:\/\/yoast.com\/product\/yoast-seo-wordpress\/ -->\n<title>Impressum - Bespoke Hamburg - Herrenschneider D\u00fchnforth<\/title>\n<meta name=\"description\" content=\"\u2702\u2702\u2702 Hier finden Sie das Impressum des Herrenschneidermeister D\u00fchnforth aus Hamburg. Bei Fragen kommen Sie gerne auf uns zu. \u2702\u2702\u2702\" \/>\n<meta name=\"robots\" content=\"index, follow, max-snippet:-1, max-image-preview:large, max-video-preview:-1\" \/>\n<link rel=\"canonical\" href=\"https:\/\/www.herrenschneider-hamburg.de\/index.php\/bespoke\/\" \/>\n<meta property=\"og:locale\" content=\"de_DE\" \/>\n<meta property=\"og:type\" content=\"article\" \/>\n<meta property=\"og:title\" content=\"Impressum - Bespoke Hamburg - Herrenschneider D\u00fchnforth\" \/>\n<meta property=\"og:description\" content=\"\u2702\u2702\u2702 Hier finden Sie das Impressum des Herrenschneidermeister D\u00fchnforth aus Hamburg. Bei Fragen kommen Sie gerne auf uns zu. \u2702\u2702\u2702\" \/>\n<meta property=\"og:url\" content=\"https:\/\/www.herrenschneider-hamburg.de\/index.php\/bespoke\/\" \/>\n<meta property=\"og:site_name\" content=\"D\u00fchnforth - Herrenschneider Hamburg\" \/>\n<meta property=\"article:publisher\" content=\"https:\/\/www.facebook.com\/herrenschneider\/\" \/>\n<meta property=\"article:modified_time\" content=\"2024-03-17T11:54:44+00:00\" \/>\n<meta property=\"og:image\" content=\"https:\/\/www.herrenschneider-hamburg.de\/wp-content\/uploads\/2024\/03\/cropped-Portrait-und-Anprobefotos__DSC7632_final-scaled-2.jpg\" \/>\n\t<meta property=\"og:image:width\" content=\"1200\" \/>\n\t<meta property=\"og:image:height\" content=\"800\" \/>\n\t<meta property=\"og:image:type\" content=\"image\/jpeg\" \/>\n<meta name=\"twitter:card\" content=\"summary_large_image\" \/>\n<meta name=\"twitter:label1\" content=\"Gesch\u00e4tzte Lesezeit\" \/>\n\t<meta name=\"twitter:data1\" content=\"2\u00a0Minuten\" \/>\n<script type=\"application\/ld+json\" class=\"yoast-schema-graph\">{\"@context\":\"https:\/\/schema.org\",\"@graph\":[{\"@type\":\"WebPage\",\"@id\":\"https:\/\/www.herrenschneider-hamburg.de\/index.php\/bespoke\/\",\"url\":\"https:\/\/www.herrenschneider-hamburg.de\/index.php\/bespoke\/\",\"name\":\"Impressum - Bespoke Hamburg - Herrenschneider D\u00fchnforth\",\"isPartOf\":{\"@id\":\"https:\/\/www.herrenschneider-hamburg.de\/#website\"},\"primaryImageOfPage\":{\"@id\":\"https:\/\/www.herrenschneider-hamburg.de\/index.php\/bespoke\/#primaryimage\"},\"image\":{\"@id\":\"https:\/\/www.herrenschneider-hamburg.de\/index.php\/bespoke\/#primaryimage\"},\"thumbnailUrl\":\"https:\/\/www.herrenschneider-hamburg.de\/wp-content\/uploads\/2024\/03\/cropped-Portrait-und-Anprobefotos__DSC7632_final-scaled-2.jpg\",\"datePublished\":\"2019-04-26T21:39:09+00:00\",\"dateModified\":\"2024-03-17T11:54:44+00:00\",\"description\":\"\u2702\u2702\u2702 Hier finden Sie das Impressum des Herrenschneidermeister D\u00fchnforth aus Hamburg. Bei Fragen kommen Sie gerne auf uns zu. \u2702\u2702\u2702\",\"breadcrumb\":{\"@id\":\"https:\/\/www.herrenschneider-hamburg.de\/index.php\/bespoke\/#breadcrumb\"},\"inLanguage\":\"de\",\"potentialAction\":[{\"@type\":\"ReadAction\",\"target\":[\"https:\/\/www.herrenschneider-hamburg.de\/index.php\/bespoke\/\"]}]},{\"@type\":\"ImageObject\",\"inLanguage\":\"de\",\"@id\":\"https:\/\/www.herrenschneider-hamburg.de\/index.php\/bespoke\/#primaryimage\",\"url\":\"https:\/\/www.herrenschneider-hamburg.de\/wp-content\/uploads\/2024\/03\/cropped-Portrait-und-Anprobefotos__DSC7632_final-scaled-2.jpg\",\"contentUrl\":\"https:\/\/www.herrenschneider-hamburg.de\/wp-content\/uploads\/2024\/03\/cropped-Portrait-und-Anprobefotos__DSC7632_final-scaled-2.jpg\",\"width\":1200,\"height\":800},{\"@type\":\"BreadcrumbList\",\"@id\":\"https:\/\/www.herrenschneider-hamburg.de\/index.php\/bespoke\/#breadcrumb\",\"itemListElement\":[{\"@type\":\"ListItem\",\"position\":1,\"name\":\"Startseite\",\"item\":\"https:\/\/www.herrenschneider-hamburg.de\/\"},{\"@type\":\"ListItem\",\"position\":2,\"name\":\"Impressum\"}]},{\"@type\":\"WebSite\",\"@id\":\"https:\/\/www.herrenschneider-hamburg.de\/#website\",\"url\":\"https:\/\/www.herrenschneider-hamburg.de\/\",\"name\":\"D\u00fchnforth - Herrenschneider Hamburg\",\"description\":\"Tradition. Perfektion. Leidenschaft.\",\"potentialAction\":[{\"@type\":\"SearchAction\",\"target\":{\"@type\":\"EntryPoint\",\"urlTemplate\":\"https:\/\/www.herrenschneider-hamburg.de\/?s={search_term_string}\"},\"query-input\":{\"@type\":\"PropertyValueSpecification\",\"valueRequired\":true,\"valueName\":\"search_term_string\"}}],\"inLanguage\":\"de\"}]}<\/script>\n<!-- \/ Yoast SEO plugin. -->","yoast_head_json":{"title":"Impressum - Bespoke Hamburg - Herrenschneider D\u00fchnforth","description":"\u2702\u2702\u2702 Hier finden Sie das Impressum des Herrenschneidermeister D\u00fchnforth aus Hamburg. Bei Fragen kommen Sie gerne auf uns zu. \u2702\u2702\u2702","robots":{"index":"index","follow":"follow","max-snippet":"max-snippet:-1","max-image-preview":"max-image-preview:large","max-video-preview":"max-video-preview:-1"},"canonical":"https:\/\/www.herrenschneider-hamburg.de\/index.php\/bespoke\/","og_locale":"de_DE","og_type":"article","og_title":"Impressum - Bespoke Hamburg - Herrenschneider D\u00fchnforth","og_description":"\u2702\u2702\u2702 Hier finden Sie das Impressum des Herrenschneidermeister D\u00fchnforth aus Hamburg. Bei Fragen kommen Sie gerne auf uns zu. \u2702\u2702\u2702","og_url":"https:\/\/www.herrenschneider-hamburg.de\/index.php\/bespoke\/","og_site_name":"D\u00fchnforth - Herrenschneider Hamburg","article_publisher":"https:\/\/www.facebook.com\/herrenschneider\/","article_modified_time":"2024-03-17T11:54:44+00:00","og_image":[{"width":1200,"height":800,"url":"https:\/\/www.herrenschneider-hamburg.de\/wp-content\/uploads\/2024\/03\/cropped-Portrait-und-Anprobefotos__DSC7632_final-scaled-2.jpg","type":"image\/jpeg"}],"twitter_card":"summary_large_image","twitter_misc":{"Gesch\u00e4tzte Lesezeit":"2\u00a0Minuten"},"schema":{"@context":"https:\/\/schema.org","@graph":[{"@type":"WebPage","@id":"https:\/\/www.herrenschneider-hamburg.de\/index.php\/bespoke\/","url":"https:\/\/www.herrenschneider-hamburg.de\/index.php\/bespoke\/","name":"Impressum - Bespoke Hamburg - Herrenschneider D\u00fchnforth","isPartOf":{"@id":"https:\/\/www.herrenschneider-hamburg.de\/#website"},"primaryImageOfPage":{"@id":"https:\/\/www.herrenschneider-hamburg.de\/index.php\/bespoke\/#primaryimage"},"image":{"@id":"https:\/\/www.herrenschneider-hamburg.de\/index.php\/bespoke\/#primaryimage"},"thumbnailUrl":"https:\/\/www.herrenschneider-hamburg.de\/wp-content\/uploads\/2024\/03\/cropped-Portrait-und-Anprobefotos__DSC7632_final-scaled-2.jpg","datePublished":"2019-04-26T21:39:09+00:00","dateModified":"2024-03-17T11:54:44+00:00","description":"\u2702\u2702\u2702 Hier finden Sie das Impressum des Herrenschneidermeister D\u00fchnforth aus Hamburg. Bei Fragen kommen Sie gerne auf uns zu. \u2702\u2702\u2702","breadcrumb":{"@id":"https:\/\/www.herrenschneider-hamburg.de\/index.php\/bespoke\/#breadcrumb"},"inLanguage":"de","potentialAction":[{"@type":"ReadAction","target":["https:\/\/www.herrenschneider-hamburg.de\/index.php\/bespoke\/"]}]},{"@type":"ImageObject","inLanguage":"de","@id":"https:\/\/www.herrenschneider-hamburg.de\/index.php\/bespoke\/#primaryimage","url":"https:\/\/www.herrenschneider-hamburg.de\/wp-content\/uploads\/2024\/03\/cropped-Portrait-und-Anprobefotos__DSC7632_final-scaled-2.jpg","contentUrl":"https:\/\/www.herrenschneider-hamburg.de\/wp-content\/uploads\/2024\/03\/cropped-Portrait-und-Anprobefotos__DSC7632_final-scaled-2.jpg","width":1200,"height":800},{"@type":"BreadcrumbList","@id":"https:\/\/www.herrenschneider-hamburg.de\/index.php\/bespoke\/#breadcrumb","itemListElement":[{"@type":"ListItem","position":1,"name":"Startseite","item":"https:\/\/www.herrenschneider-hamburg.de\/"},{"@type":"ListItem","position":2,"name":"Impressum"}]},{"@type":"WebSite","@id":"https:\/\/www.herrenschneider-hamburg.de\/#website","url":"https:\/\/www.herrenschneider-hamburg.de\/","name":"D\u00fchnforth - Herrenschneider Hamburg","description":"Tradition. Perfektion. Leidenschaft.","potentialAction":[{"@type":"SearchAction","target":{"@type":"EntryPoint","urlTemplate":"https:\/\/www.herrenschneider-hamburg.de\/?s={search_term_string}"},"query-input":{"@type":"PropertyValueSpecification","valueRequired":true,"valueName":"search_term_string"}}],"inLanguage":"de"}]}},"_links":{"self":[{"href":"https:\/\/www.herrenschneider-hamburg.de\/index.php\/wp-json\/wp\/v2\/pages\/149","targetHints":{"allow":["GET"]}}],"collection":[{"href":"https:\/\/www.herrenschneider-hamburg.de\/index.php\/wp-json\/wp\/v2\/pages"}],"about":[{"href":"https:\/\/www.herrenschneider-hamburg.de\/index.php\/wp-json\/wp\/v2\/types\/page"}],"author":[{"embeddable":true,"href":"https:\/\/www.herrenschneider-hamburg.de\/index.php\/wp-json\/wp\/v2\/users\/1"}],"replies":[{"embeddable":true,"href":"https:\/\/www.herrenschneider-hamburg.de\/index.php\/wp-json\/wp\/v2\/comments?post=149"}],"version-history":[{"count":1,"href":"https:\/\/www.herrenschneider-hamburg.de\/index.php\/wp-json\/wp\/v2\/pages\/149\/revisions"}],"predecessor-version":[{"id":656,"href":"https:\/\/www.herrenschneider-hamburg.de\/index.php\/wp-json\/wp\/v2\/pages\/149\/revisions\/656"}],"wp:featuredmedia":[{"embeddable":true,"href":"https:\/\/www.herrenschneider-hamburg.de\/index.php\/wp-json\/wp\/v2\/media\/647"}],"wp:attachment":[{"href":"https:\/\/www.herrenschneider-hamburg.de\/index.php\/wp-json\/wp\/v2\/media?parent=149"}],"curies":[{"name":"wp","href":"https:\/\/api.w.org\/{rel}","templated":true}]}}